{"id":7723,"date":"2024-03-11T15:02:22","date_gmt":"2024-03-11T14:02:22","guid":{"rendered":"https:\/\/shop.vintense.com\/boutique\/niet-gecategoriseerd\/les-galets-75cl\/"},"modified":"2026-02-12T15:39:49","modified_gmt":"2026-02-12T14:39:49","slug":"les-galets-75cl","status":"publish","type":"product","link":"https:\/\/shop.vintense.com\/nl\/boutique\/alcoholvrije-wijn\/alcoholvrije-rode-wijn\/les-galets-75cl\/","title":{"rendered":"Les Galets 0.0% 75cl"},"content":{"rendered":"","protected":false},"excerpt":{"rendered":"<p>Sluit je ogen en waan je op de zonnige oevers van de Rh\u00f4ne! Zijn delicate, complexe neus, met toetsen van toast en vanille, mengt zich harmonieus met de aroma&#8217;s van zwarte kersen en gekookte aardbeien, waardoor een betoverende olfactorische symfonie ontstaat.<\/p>\n<p>In de mond maakt de soepele aanzet plaats voor een tannineontwikkeling die al zijn rondheid onthult, voor een smaakervaring van grote finesse. De afdronk, met zijn lichte bitterheid, wordt gesublimeerd door een retronasaal van rood fruit en hout, wat het plezier van proeven verlengt. <\/p>\n","protected":false},"featured_media":8997,"comment_status":"open","ping_status":"closed","template":"","meta":{"inline_featured_image":false},"product_cat":[212],"product_tag":[],"class_list":{"0":"post-7723","1":"product","2":"type-product","3":"status-publish","4":"has-post-thumbnail","6":"product_cat-alcoholvrije-rode-wijn","8":"first","9":"instock","10":"shipping-taxable","11":"purchasable","12":"product-type-simple"},"yoast_head":"<!-- This site is optimized with the Yoast SEO plugin v27.3 - https:\/\/yoast.com\/product\/yoast-seo-wordpress\/ -->\n<title>Vintense Les Galets 0.0% 75cl - Alcoholvrije rode wijn<\/title>\n<meta name=\"description\" content=\"Ontdek O\u00b0rigin Les Galets Vintense 75cl, een alcoholvrije rode wijn ge\u00efnspireerd op C\u00f4te du Rh\u00f4ne-wijnen, met intense aroma&#039;s van zwart fruit en kruiden.\" \/>\n<meta name=\"robots\" content=\"index, follow, max-snippet:-1, max-image-preview:large, max-video-preview:-1\" \/>\n<link rel=\"canonical\" href=\"https:\/\/shop.vintense.com\/nl\/boutique\/alcoholvrije-wijn\/alcoholvrije-rode-wijn\/les-galets-75cl\/\" \/>\n<meta property=\"og:locale\" content=\"nl_NL\" \/>\n<meta property=\"og:type\" content=\"article\" \/>\n<meta property=\"og:title\" content=\"Vintense Les Galets 0.0% 75cl - Alcoholvrije rode wijn\" \/>\n<meta property=\"og:description\" content=\"Ontdek O\u00b0rigin Les Galets Vintense 75cl, een alcoholvrije rode wijn ge\u00efnspireerd op C\u00f4te du Rh\u00f4ne-wijnen, met intense aroma&#039;s van zwart fruit en kruiden.\" \/>\n<meta property=\"og:url\" content=\"https:\/\/shop.vintense.com\/nl\/boutique\/alcoholvrije-wijn\/alcoholvrije-rode-wijn\/les-galets-75cl\/\" \/>\n<meta property=\"og:site_name\" content=\"Vintense\" \/>\n<meta property=\"article:publisher\" content=\"https:\/\/www.facebook.com\/Vintense.be\" \/>\n<meta property=\"article:modified_time\" content=\"2026-02-12T14:39:49+00:00\" \/>\n<meta property=\"og:image\" content=\"https:\/\/shop.vintense.com\/wp-content\/uploads\/2024\/03\/vintense_origin_galets_75cl_2025.jpg\" \/>\n\t<meta property=\"og:image:width\" content=\"1500\" \/>\n\t<meta property=\"og:image:height\" content=\"1500\" \/>\n\t<meta property=\"og:image:type\" content=\"image\/jpeg\" \/>\n<meta name=\"twitter:card\" content=\"summary_large_image\" \/>\n<meta name=\"twitter:label1\" content=\"Prijs\" \/>\n\t<meta name=\"twitter:data1\" content=\"&euro;&nbsp;9,49\" \/>\n\t<meta name=\"twitter:label2\" content=\"Beschikbaarheid\" \/>\n\t<meta name=\"twitter:data2\" content=\"Op voorraad\" \/>\n<script type=\"application\/ld+json\" class=\"yoast-schema-graph\">{\"@context\":\"https:\\\/\\\/schema.org\",\"@graph\":[{\"@type\":\"WebPage\",\"@id\":\"https:\\\/\\\/shop.vintense.com\\\/nl\\\/boutique\\\/alcoholvrije-wijn\\\/alcoholvrije-rode-wijn\\\/les-galets-75cl\\\/\",\"url\":\"https:\\\/\\\/shop.vintense.com\\\/nl\\\/boutique\\\/alcoholvrije-wijn\\\/alcoholvrije-rode-wijn\\\/les-galets-75cl\\\/\",\"name\":\"Vintense Les Galets 0.0% 75cl - Alcoholvrije rode wijn\",\"isPartOf\":{\"@id\":\"https:\\\/\\\/shop.vintense.com\\\/nl\\\/#website\"},\"primaryImageOfPage\":{\"@id\":\"https:\\\/\\\/shop.vintense.com\\\/nl\\\/boutique\\\/alcoholvrije-wijn\\\/alcoholvrije-rode-wijn\\\/les-galets-75cl\\\/#primaryimage\"},\"image\":{\"@id\":\"https:\\\/\\\/shop.vintense.com\\\/nl\\\/boutique\\\/alcoholvrije-wijn\\\/alcoholvrije-rode-wijn\\\/les-galets-75cl\\\/#primaryimage\"},\"thumbnailUrl\":\"https:\\\/\\\/shop.vintense.com\\\/wp-content\\\/uploads\\\/2024\\\/03\\\/vintense_origin_galets_75cl_2025.jpg\",\"datePublished\":\"2024-03-11T14:02:22+00:00\",\"dateModified\":\"2026-02-12T14:39:49+00:00\",\"description\":\"Ontdek O\u00b0rigin Les Galets Vintense 75cl, een alcoholvrije rode wijn ge\u00efnspireerd op C\u00f4te du Rh\u00f4ne-wijnen, met intense aroma's van zwart fruit en kruiden.\",\"breadcrumb\":{\"@id\":\"https:\\\/\\\/shop.vintense.com\\\/nl\\\/boutique\\\/alcoholvrije-wijn\\\/alcoholvrije-rode-wijn\\\/les-galets-75cl\\\/#breadcrumb\"},\"inLanguage\":\"nl-NL\",\"potentialAction\":[{\"@type\":\"ReadAction\",\"target\":[\"https:\\\/\\\/shop.vintense.com\\\/nl\\\/boutique\\\/alcoholvrije-wijn\\\/alcoholvrije-rode-wijn\\\/les-galets-75cl\\\/\"]}]},{\"@type\":\"ImageObject\",\"inLanguage\":\"nl-NL\",\"@id\":\"https:\\\/\\\/shop.vintense.com\\\/nl\\\/boutique\\\/alcoholvrije-wijn\\\/alcoholvrije-rode-wijn\\\/les-galets-75cl\\\/#primaryimage\",\"url\":\"https:\\\/\\\/shop.vintense.com\\\/wp-content\\\/uploads\\\/2024\\\/03\\\/vintense_origin_galets_75cl_2025.jpg\",\"contentUrl\":\"https:\\\/\\\/shop.vintense.com\\\/wp-content\\\/uploads\\\/2024\\\/03\\\/vintense_origin_galets_75cl_2025.jpg\",\"width\":1500,\"height\":1500,\"caption\":\"Vintense O\u00b0rigin Les Galets 0.0% 75cl - Vin rouge sans alcool\"},{\"@type\":\"BreadcrumbList\",\"@id\":\"https:\\\/\\\/shop.vintense.com\\\/nl\\\/boutique\\\/alcoholvrije-wijn\\\/alcoholvrije-rode-wijn\\\/les-galets-75cl\\\/#breadcrumb\",\"itemListElement\":[{\"@type\":\"ListItem\",\"position\":1,\"name\":\"Accueil\",\"item\":\"https:\\\/\\\/shop.vintense.com\\\/nl\\\/\"},{\"@type\":\"ListItem\",\"position\":2,\"name\":\"Winkel\",\"item\":\"https:\\\/\\\/shop.vintense.com\\\/boutique\\\/\"},{\"@type\":\"ListItem\",\"position\":3,\"name\":\"Les Galets 0.0% 75cl\"}]},{\"@type\":\"WebSite\",\"@id\":\"https:\\\/\\\/shop.vintense.com\\\/nl\\\/#website\",\"url\":\"https:\\\/\\\/shop.vintense.com\\\/nl\\\/\",\"name\":\"Vintense eShop\",\"description\":\"Alcoholvrije wijn - online kopen\",\"publisher\":{\"@id\":\"https:\\\/\\\/shop.vintense.com\\\/nl\\\/#organization\"},\"potentialAction\":[{\"@type\":\"SearchAction\",\"target\":{\"@type\":\"EntryPoint\",\"urlTemplate\":\"https:\\\/\\\/shop.vintense.com\\\/nl\\\/?s={search_term_string}\"},\"query-input\":{\"@type\":\"PropertyValueSpecification\",\"valueRequired\":true,\"valueName\":\"search_term_string\"}}],\"inLanguage\":\"nl-NL\"},{\"@type\":\"Organization\",\"@id\":\"https:\\\/\\\/shop.vintense.com\\\/nl\\\/#organization\",\"name\":\"Vintense\",\"url\":\"https:\\\/\\\/shop.vintense.com\\\/nl\\\/\",\"logo\":{\"@type\":\"ImageObject\",\"inLanguage\":\"nl-NL\",\"@id\":\"https:\\\/\\\/shop.vintense.com\\\/nl\\\/#\\\/schema\\\/logo\\\/image\\\/\",\"url\":\"https:\\\/\\\/shop.vintense.com\\\/wp-content\\\/uploads\\\/2024\\\/03\\\/logo.svg\",\"contentUrl\":\"https:\\\/\\\/shop.vintense.com\\\/wp-content\\\/uploads\\\/2024\\\/03\\\/logo.svg\",\"width\":140,\"height\":70,\"caption\":\"Vintense\"},\"image\":{\"@id\":\"https:\\\/\\\/shop.vintense.com\\\/nl\\\/#\\\/schema\\\/logo\\\/image\\\/\"},\"sameAs\":[\"https:\\\/\\\/www.facebook.com\\\/Vintense.be\",\"https:\\\/\\\/www.instagram.com\\\/vintense_0.0\\\/\",\"https:\\\/\\\/www.linkedin.com\\\/company\\\/vintense\\\/\",\"https:\\\/\\\/www.youtube.com\\\/@vintense-be\"]}]}<\/script>\n<meta property=\"product:price:amount\" content=\"9.49\" \/>\n<meta property=\"product:price:currency\" content=\"EUR\" \/>\n<meta property=\"og:availability\" content=\"instock\" \/>\n<meta property=\"product:availability\" content=\"instock\" \/>\n<meta property=\"product:retailer_item_id\" content=\"2003102\" \/>\n<meta property=\"product:condition\" content=\"new\" \/>\n<!-- \/ Yoast SEO plugin. -->","yoast_head_json":{"title":"Vintense Les Galets 0.0% 75cl - Alcoholvrije rode wijn","description":"Ontdek O\u00b0rigin Les Galets Vintense 75cl, een alcoholvrije rode wijn ge\u00efnspireerd op C\u00f4te du Rh\u00f4ne-wijnen, met intense aroma's van zwart fruit en kruiden.","robots":{"index":"index","follow":"follow","max-snippet":"max-snippet:-1","max-image-preview":"max-image-preview:large","max-video-preview":"max-video-preview:-1"},"canonical":"https:\/\/shop.vintense.com\/nl\/boutique\/alcoholvrije-wijn\/alcoholvrije-rode-wijn\/les-galets-75cl\/","og_locale":"nl_NL","og_type":"article","og_title":"Vintense Les Galets 0.0% 75cl - Alcoholvrije rode wijn","og_description":"Ontdek O\u00b0rigin Les Galets Vintense 75cl, een alcoholvrije rode wijn ge\u00efnspireerd op C\u00f4te du Rh\u00f4ne-wijnen, met intense aroma's van zwart fruit en kruiden.","og_url":"https:\/\/shop.vintense.com\/nl\/boutique\/alcoholvrije-wijn\/alcoholvrije-rode-wijn\/les-galets-75cl\/","og_site_name":"Vintense","article_publisher":"https:\/\/www.facebook.com\/Vintense.be","article_modified_time":"2026-02-12T14:39:49+00:00","og_image":[{"width":1500,"height":1500,"url":"https:\/\/shop.vintense.com\/wp-content\/uploads\/2024\/03\/vintense_origin_galets_75cl_2025.jpg","type":"image\/jpeg"}],"twitter_card":"summary_large_image","twitter_misc":{"Prijs":"&euro;&nbsp;9,49","Beschikbaarheid":"Op voorraad"},"schema":{"@context":"https:\/\/schema.org","@graph":[{"@type":"WebPage","@id":"https:\/\/shop.vintense.com\/nl\/boutique\/alcoholvrije-wijn\/alcoholvrije-rode-wijn\/les-galets-75cl\/","url":"https:\/\/shop.vintense.com\/nl\/boutique\/alcoholvrije-wijn\/alcoholvrije-rode-wijn\/les-galets-75cl\/","name":"Vintense Les Galets 0.0% 75cl - Alcoholvrije rode wijn","isPartOf":{"@id":"https:\/\/shop.vintense.com\/nl\/#website"},"primaryImageOfPage":{"@id":"https:\/\/shop.vintense.com\/nl\/boutique\/alcoholvrije-wijn\/alcoholvrije-rode-wijn\/les-galets-75cl\/#primaryimage"},"image":{"@id":"https:\/\/shop.vintense.com\/nl\/boutique\/alcoholvrije-wijn\/alcoholvrije-rode-wijn\/les-galets-75cl\/#primaryimage"},"thumbnailUrl":"https:\/\/shop.vintense.com\/wp-content\/uploads\/2024\/03\/vintense_origin_galets_75cl_2025.jpg","datePublished":"2024-03-11T14:02:22+00:00","dateModified":"2026-02-12T14:39:49+00:00","description":"Ontdek O\u00b0rigin Les Galets Vintense 75cl, een alcoholvrije rode wijn ge\u00efnspireerd op C\u00f4te du Rh\u00f4ne-wijnen, met intense aroma's van zwart fruit en kruiden.","breadcrumb":{"@id":"https:\/\/shop.vintense.com\/nl\/boutique\/alcoholvrije-wijn\/alcoholvrije-rode-wijn\/les-galets-75cl\/#breadcrumb"},"inLanguage":"nl-NL","potentialAction":[{"@type":"ReadAction","target":["https:\/\/shop.vintense.com\/nl\/boutique\/alcoholvrije-wijn\/alcoholvrije-rode-wijn\/les-galets-75cl\/"]}]},{"@type":"ImageObject","inLanguage":"nl-NL","@id":"https:\/\/shop.vintense.com\/nl\/boutique\/alcoholvrije-wijn\/alcoholvrije-rode-wijn\/les-galets-75cl\/#primaryimage","url":"https:\/\/shop.vintense.com\/wp-content\/uploads\/2024\/03\/vintense_origin_galets_75cl_2025.jpg","contentUrl":"https:\/\/shop.vintense.com\/wp-content\/uploads\/2024\/03\/vintense_origin_galets_75cl_2025.jpg","width":1500,"height":1500,"caption":"Vintense O\u00b0rigin Les Galets 0.0% 75cl - Vin rouge sans alcool"},{"@type":"BreadcrumbList","@id":"https:\/\/shop.vintense.com\/nl\/boutique\/alcoholvrije-wijn\/alcoholvrije-rode-wijn\/les-galets-75cl\/#breadcrumb","itemListElement":[{"@type":"ListItem","position":1,"name":"Accueil","item":"https:\/\/shop.vintense.com\/nl\/"},{"@type":"ListItem","position":2,"name":"Winkel","item":"https:\/\/shop.vintense.com\/boutique\/"},{"@type":"ListItem","position":3,"name":"Les Galets 0.0% 75cl"}]},{"@type":"WebSite","@id":"https:\/\/shop.vintense.com\/nl\/#website","url":"https:\/\/shop.vintense.com\/nl\/","name":"Vintense eShop","description":"Alcoholvrije wijn - online kopen","publisher":{"@id":"https:\/\/shop.vintense.com\/nl\/#organization"},"potentialAction":[{"@type":"SearchAction","target":{"@type":"EntryPoint","urlTemplate":"https:\/\/shop.vintense.com\/nl\/?s={search_term_string}"},"query-input":{"@type":"PropertyValueSpecification","valueRequired":true,"valueName":"search_term_string"}}],"inLanguage":"nl-NL"},{"@type":"Organization","@id":"https:\/\/shop.vintense.com\/nl\/#organization","name":"Vintense","url":"https:\/\/shop.vintense.com\/nl\/","logo":{"@type":"ImageObject","inLanguage":"nl-NL","@id":"https:\/\/shop.vintense.com\/nl\/#\/schema\/logo\/image\/","url":"https:\/\/shop.vintense.com\/wp-content\/uploads\/2024\/03\/logo.svg","contentUrl":"https:\/\/shop.vintense.com\/wp-content\/uploads\/2024\/03\/logo.svg","width":140,"height":70,"caption":"Vintense"},"image":{"@id":"https:\/\/shop.vintense.com\/nl\/#\/schema\/logo\/image\/"},"sameAs":["https:\/\/www.facebook.com\/Vintense.be","https:\/\/www.instagram.com\/vintense_0.0\/","https:\/\/www.linkedin.com\/company\/vintense\/","https:\/\/www.youtube.com\/@vintense-be"]}]},"product_price_amount":"9.49","product_price_currency":"EUR","og_availability":"instock","product_availability":"instock","product_retailer_item_id":"2003102","product_condition":"new"},"_links":{"self":[{"href":"https:\/\/shop.vintense.com\/nl\/wp-json\/wp\/v2\/product\/7723","targetHints":{"allow":["GET"]}}],"collection":[{"href":"https:\/\/shop.vintense.com\/nl\/wp-json\/wp\/v2\/product"}],"about":[{"href":"https:\/\/shop.vintense.com\/nl\/wp-json\/wp\/v2\/types\/product"}],"replies":[{"embeddable":true,"href":"https:\/\/shop.vintense.com\/nl\/wp-json\/wp\/v2\/comments?post=7723"}],"wp:featuredmedia":[{"embeddable":true,"href":"https:\/\/shop.vintense.com\/nl\/wp-json\/wp\/v2\/media\/8997"}],"wp:attachment":[{"href":"https:\/\/shop.vintense.com\/nl\/wp-json\/wp\/v2\/media?parent=7723"}],"wp:term":[{"taxonomy":"product_cat","embeddable":true,"href":"https:\/\/shop.vintense.com\/nl\/wp-json\/wp\/v2\/product_cat?post=7723"},{"taxonomy":"product_tag","embeddable":true,"href":"https:\/\/shop.vintense.com\/nl\/wp-json\/wp\/v2\/product_tag?post=7723"}],"curies":[{"name":"wp","href":"https:\/\/api.w.org\/{rel}","templated":true}]}}