{"id":7682,"date":"2024-03-10T11:45:42","date_gmt":"2024-03-10T10:45:42","guid":{"rendered":"https:\/\/shop.vintense.com\/boutique\/niet-gecategoriseerd\/rose-2l\/"},"modified":"2026-04-15T11:39:11","modified_gmt":"2026-04-15T09:39:11","slug":"rose-2l","status":"publish","type":"product","link":"https:\/\/shop.vintense.com\/nl\/boutique\/alcoholvrije-wijn\/alcoholvrije-rose-wijn\/rose-2l\/","title":{"rendered":"Ros\u00e9 0.0% 2L"},"content":{"rendered":"","protected":false},"excerpt":{"rendered":"<p>Ontdek onze in blokjes gesneden ros\u00e9wijn, een uitnodiging tot frisheid en gezelligheid. De neus onthult discrete maar verfijnde aroma&#8217;s van verse pompelmoes, sappige frambozen en zonovergoten wilde aardbeien, die je meevoeren naar een zomerse boomgaard. <br \/>Laat je in de mond verleiden door een zachte, betoverende aanzet, vergezeld van een heerlijke frisheid die de smaakpapillen wakker schudt. De smaken van grapefruit vermengen zich harmonieus met hints van wilde bessen, waardoor een evenwichtige en heerlijk verfrissende smaakervaring ontstaat.   <\/p>\n","protected":false},"featured_media":9872,"comment_status":"open","ping_status":"closed","template":"","meta":{"inline_featured_image":false},"product_cat":[214],"product_tag":[],"class_list":{"0":"post-7682","1":"product","2":"type-product","3":"status-publish","4":"has-post-thumbnail","6":"product_cat-alcoholvrije-rose-wijn","8":"first","9":"instock","10":"shipping-taxable","11":"purchasable","12":"product-type-simple"},"yoast_head":"<!-- This site is optimized with the Yoast SEO plugin v27.6 - https:\/\/yoast.com\/product\/yoast-seo-wordpress\/ -->\n<title>Vintense Ros\u00e9 0.0% 2L - Alcoholvrije ros\u00e9 wijn<\/title>\n<meta name=\"description\" content=\"Ontdek Sober Ros\u00e9 Vintense 2L in blokjes, een alcoholvrije ros\u00e9wijn met fruitige, verfrissende aroma&#039;s. Perfect om te delen!\" \/>\n<meta name=\"robots\" content=\"index, follow, max-snippet:-1, max-image-preview:large, max-video-preview:-1\" \/>\n<link rel=\"canonical\" href=\"https:\/\/shop.vintense.com\/nl\/boutique\/alcoholvrije-wijn\/alcoholvrije-rose-wijn\/rose-2l\/\" \/>\n<meta property=\"og:locale\" content=\"nl_NL\" \/>\n<meta property=\"og:type\" content=\"article\" \/>\n<meta property=\"og:title\" content=\"Vintense Ros\u00e9 0.0% 2L - Alcoholvrije ros\u00e9 wijn\" \/>\n<meta property=\"og:description\" content=\"Ontdek Sober Ros\u00e9 Vintense 2L in blokjes, een alcoholvrije ros\u00e9wijn met fruitige, verfrissende aroma&#039;s. Perfect om te delen!\" \/>\n<meta property=\"og:url\" content=\"https:\/\/shop.vintense.com\/nl\/boutique\/alcoholvrije-wijn\/alcoholvrije-rose-wijn\/rose-2l\/\" \/>\n<meta property=\"og:site_name\" content=\"Vintense\" \/>\n<meta property=\"article:publisher\" content=\"https:\/\/www.facebook.com\/Vintense.be\" \/>\n<meta property=\"article:modified_time\" content=\"2026-04-15T09:39:11+00:00\" \/>\n<meta property=\"og:image\" content=\"https:\/\/shop.vintense.com\/wp-content\/uploads\/2024\/03\/vintense-sober-rose.jpg\" \/>\n\t<meta property=\"og:image:width\" content=\"1500\" \/>\n\t<meta property=\"og:image:height\" content=\"1500\" \/>\n\t<meta property=\"og:image:type\" content=\"image\/jpeg\" \/>\n<meta name=\"twitter:card\" content=\"summary_large_image\" \/>\n<meta name=\"twitter:label1\" content=\"Prijs\" \/>\n\t<meta name=\"twitter:data1\" content=\"&euro;&nbsp;13,49\" \/>\n\t<meta name=\"twitter:label2\" content=\"Beschikbaarheid\" \/>\n\t<meta name=\"twitter:data2\" content=\"Op voorraad\" \/>\n<script type=\"application\/ld+json\" class=\"yoast-schema-graph\">{\"@context\":\"https:\\\/\\\/schema.org\",\"@graph\":[{\"@type\":\"WebPage\",\"@id\":\"https:\\\/\\\/shop.vintense.com\\\/nl\\\/boutique\\\/alcoholvrije-wijn\\\/alcoholvrije-rose-wijn\\\/rose-2l\\\/\",\"url\":\"https:\\\/\\\/shop.vintense.com\\\/nl\\\/boutique\\\/alcoholvrije-wijn\\\/alcoholvrije-rose-wijn\\\/rose-2l\\\/\",\"name\":\"Vintense Ros\u00e9 0.0% 2L - Alcoholvrije ros\u00e9 wijn\",\"isPartOf\":{\"@id\":\"https:\\\/\\\/shop.vintense.com\\\/nl\\\/#website\"},\"primaryImageOfPage\":{\"@id\":\"https:\\\/\\\/shop.vintense.com\\\/nl\\\/boutique\\\/alcoholvrije-wijn\\\/alcoholvrije-rose-wijn\\\/rose-2l\\\/#primaryimage\"},\"image\":{\"@id\":\"https:\\\/\\\/shop.vintense.com\\\/nl\\\/boutique\\\/alcoholvrije-wijn\\\/alcoholvrije-rose-wijn\\\/rose-2l\\\/#primaryimage\"},\"thumbnailUrl\":\"https:\\\/\\\/shop.vintense.com\\\/wp-content\\\/uploads\\\/2024\\\/03\\\/vintense-sober-rose-0-2l.jpg\",\"datePublished\":\"2024-03-10T10:45:42+00:00\",\"dateModified\":\"2026-04-15T09:39:11+00:00\",\"description\":\"Ontdek Sober Ros\u00e9 Vintense 2L in blokjes, een alcoholvrije ros\u00e9wijn met fruitige, verfrissende aroma's. Perfect om te delen!\",\"breadcrumb\":{\"@id\":\"https:\\\/\\\/shop.vintense.com\\\/nl\\\/boutique\\\/alcoholvrije-wijn\\\/alcoholvrije-rose-wijn\\\/rose-2l\\\/#breadcrumb\"},\"inLanguage\":\"nl-NL\",\"potentialAction\":[{\"@type\":\"ReadAction\",\"target\":[\"https:\\\/\\\/shop.vintense.com\\\/nl\\\/boutique\\\/alcoholvrije-wijn\\\/alcoholvrije-rose-wijn\\\/rose-2l\\\/\"]}]},{\"@type\":\"ImageObject\",\"inLanguage\":\"nl-NL\",\"@id\":\"https:\\\/\\\/shop.vintense.com\\\/nl\\\/boutique\\\/alcoholvrije-wijn\\\/alcoholvrije-rose-wijn\\\/rose-2l\\\/#primaryimage\",\"url\":\"https:\\\/\\\/shop.vintense.com\\\/wp-content\\\/uploads\\\/2024\\\/03\\\/vintense-sober-rose-0-2l.jpg\",\"contentUrl\":\"https:\\\/\\\/shop.vintense.com\\\/wp-content\\\/uploads\\\/2024\\\/03\\\/vintense-sober-rose-0-2l.jpg\",\"width\":1500,\"height\":1500,\"caption\":\"Vintense Sober Ros\u00e9 2L\"},{\"@type\":\"BreadcrumbList\",\"@id\":\"https:\\\/\\\/shop.vintense.com\\\/nl\\\/boutique\\\/alcoholvrije-wijn\\\/alcoholvrije-rose-wijn\\\/rose-2l\\\/#breadcrumb\",\"itemListElement\":[{\"@type\":\"ListItem\",\"position\":1,\"name\":\"Accueil\",\"item\":\"https:\\\/\\\/shop.vintense.com\\\/nl\\\/\"},{\"@type\":\"ListItem\",\"position\":2,\"name\":\"Winkel\",\"item\":\"https:\\\/\\\/shop.vintense.com\\\/boutique\\\/\"},{\"@type\":\"ListItem\",\"position\":3,\"name\":\"Ros\u00e9 0.0% 2L\"}]},{\"@type\":\"WebSite\",\"@id\":\"https:\\\/\\\/shop.vintense.com\\\/nl\\\/#website\",\"url\":\"https:\\\/\\\/shop.vintense.com\\\/nl\\\/\",\"name\":\"Vintense eShop\",\"description\":\"Alcoholvrije wijn - online kopen\",\"publisher\":{\"@id\":\"https:\\\/\\\/shop.vintense.com\\\/nl\\\/#organization\"},\"potentialAction\":[{\"@type\":\"SearchAction\",\"target\":{\"@type\":\"EntryPoint\",\"urlTemplate\":\"https:\\\/\\\/shop.vintense.com\\\/nl\\\/?s={search_term_string}\"},\"query-input\":{\"@type\":\"PropertyValueSpecification\",\"valueRequired\":true,\"valueName\":\"search_term_string\"}}],\"inLanguage\":\"nl-NL\"},{\"@type\":\"Organization\",\"@id\":\"https:\\\/\\\/shop.vintense.com\\\/nl\\\/#organization\",\"name\":\"Vintense\",\"url\":\"https:\\\/\\\/shop.vintense.com\\\/nl\\\/\",\"logo\":{\"@type\":\"ImageObject\",\"inLanguage\":\"nl-NL\",\"@id\":\"https:\\\/\\\/shop.vintense.com\\\/nl\\\/#\\\/schema\\\/logo\\\/image\\\/\",\"url\":\"https:\\\/\\\/shop.vintense.com\\\/wp-content\\\/uploads\\\/2024\\\/03\\\/logo.svg\",\"contentUrl\":\"https:\\\/\\\/shop.vintense.com\\\/wp-content\\\/uploads\\\/2024\\\/03\\\/logo.svg\",\"width\":140,\"height\":70,\"caption\":\"Vintense\"},\"image\":{\"@id\":\"https:\\\/\\\/shop.vintense.com\\\/nl\\\/#\\\/schema\\\/logo\\\/image\\\/\"},\"sameAs\":[\"https:\\\/\\\/www.facebook.com\\\/Vintense.be\",\"https:\\\/\\\/www.instagram.com\\\/vintense_0.0\\\/\",\"https:\\\/\\\/www.linkedin.com\\\/company\\\/vintense\\\/\",\"https:\\\/\\\/www.youtube.com\\\/@vintense-be\"]}]}<\/script>\n<meta property=\"product:price:amount\" content=\"13.49\" \/>\n<meta property=\"product:price:currency\" content=\"EUR\" \/>\n<meta property=\"og:availability\" content=\"instock\" \/>\n<meta property=\"product:availability\" content=\"instock\" \/>\n<meta property=\"product:retailer_item_id\" content=\"2002940\" \/>\n<meta property=\"product:condition\" content=\"new\" \/>\n<!-- \/ Yoast SEO plugin. -->","yoast_head_json":{"title":"Vintense Ros\u00e9 0.0% 2L - Alcoholvrije ros\u00e9 wijn","description":"Ontdek Sober Ros\u00e9 Vintense 2L in blokjes, een alcoholvrije ros\u00e9wijn met fruitige, verfrissende aroma's. Perfect om te delen!","robots":{"index":"index","follow":"follow","max-snippet":"max-snippet:-1","max-image-preview":"max-image-preview:large","max-video-preview":"max-video-preview:-1"},"canonical":"https:\/\/shop.vintense.com\/nl\/boutique\/alcoholvrije-wijn\/alcoholvrije-rose-wijn\/rose-2l\/","og_locale":"nl_NL","og_type":"article","og_title":"Vintense Ros\u00e9 0.0% 2L - Alcoholvrije ros\u00e9 wijn","og_description":"Ontdek Sober Ros\u00e9 Vintense 2L in blokjes, een alcoholvrije ros\u00e9wijn met fruitige, verfrissende aroma's. Perfect om te delen!","og_url":"https:\/\/shop.vintense.com\/nl\/boutique\/alcoholvrije-wijn\/alcoholvrije-rose-wijn\/rose-2l\/","og_site_name":"Vintense","article_publisher":"https:\/\/www.facebook.com\/Vintense.be","article_modified_time":"2026-04-15T09:39:11+00:00","og_image":[{"width":1500,"height":1500,"url":"https:\/\/shop.vintense.com\/wp-content\/uploads\/2024\/03\/vintense-sober-rose.jpg","type":"image\/jpeg"}],"twitter_card":"summary_large_image","twitter_misc":{"Prijs":"&euro;&nbsp;13,49","Beschikbaarheid":"Op voorraad"},"schema":{"@context":"https:\/\/schema.org","@graph":[{"@type":"WebPage","@id":"https:\/\/shop.vintense.com\/nl\/boutique\/alcoholvrije-wijn\/alcoholvrije-rose-wijn\/rose-2l\/","url":"https:\/\/shop.vintense.com\/nl\/boutique\/alcoholvrije-wijn\/alcoholvrije-rose-wijn\/rose-2l\/","name":"Vintense Ros\u00e9 0.0% 2L - Alcoholvrije ros\u00e9 wijn","isPartOf":{"@id":"https:\/\/shop.vintense.com\/nl\/#website"},"primaryImageOfPage":{"@id":"https:\/\/shop.vintense.com\/nl\/boutique\/alcoholvrije-wijn\/alcoholvrije-rose-wijn\/rose-2l\/#primaryimage"},"image":{"@id":"https:\/\/shop.vintense.com\/nl\/boutique\/alcoholvrije-wijn\/alcoholvrije-rose-wijn\/rose-2l\/#primaryimage"},"thumbnailUrl":"https:\/\/shop.vintense.com\/wp-content\/uploads\/2024\/03\/vintense-sober-rose-0-2l.jpg","datePublished":"2024-03-10T10:45:42+00:00","dateModified":"2026-04-15T09:39:11+00:00","description":"Ontdek Sober Ros\u00e9 Vintense 2L in blokjes, een alcoholvrije ros\u00e9wijn met fruitige, verfrissende aroma's. Perfect om te delen!","breadcrumb":{"@id":"https:\/\/shop.vintense.com\/nl\/boutique\/alcoholvrije-wijn\/alcoholvrije-rose-wijn\/rose-2l\/#breadcrumb"},"inLanguage":"nl-NL","potentialAction":[{"@type":"ReadAction","target":["https:\/\/shop.vintense.com\/nl\/boutique\/alcoholvrije-wijn\/alcoholvrije-rose-wijn\/rose-2l\/"]}]},{"@type":"ImageObject","inLanguage":"nl-NL","@id":"https:\/\/shop.vintense.com\/nl\/boutique\/alcoholvrije-wijn\/alcoholvrije-rose-wijn\/rose-2l\/#primaryimage","url":"https:\/\/shop.vintense.com\/wp-content\/uploads\/2024\/03\/vintense-sober-rose-0-2l.jpg","contentUrl":"https:\/\/shop.vintense.com\/wp-content\/uploads\/2024\/03\/vintense-sober-rose-0-2l.jpg","width":1500,"height":1500,"caption":"Vintense Sober Ros\u00e9 2L"},{"@type":"BreadcrumbList","@id":"https:\/\/shop.vintense.com\/nl\/boutique\/alcoholvrije-wijn\/alcoholvrije-rose-wijn\/rose-2l\/#breadcrumb","itemListElement":[{"@type":"ListItem","position":1,"name":"Accueil","item":"https:\/\/shop.vintense.com\/nl\/"},{"@type":"ListItem","position":2,"name":"Winkel","item":"https:\/\/shop.vintense.com\/boutique\/"},{"@type":"ListItem","position":3,"name":"Ros\u00e9 0.0% 2L"}]},{"@type":"WebSite","@id":"https:\/\/shop.vintense.com\/nl\/#website","url":"https:\/\/shop.vintense.com\/nl\/","name":"Vintense eShop","description":"Alcoholvrije wijn - online kopen","publisher":{"@id":"https:\/\/shop.vintense.com\/nl\/#organization"},"potentialAction":[{"@type":"SearchAction","target":{"@type":"EntryPoint","urlTemplate":"https:\/\/shop.vintense.com\/nl\/?s={search_term_string}"},"query-input":{"@type":"PropertyValueSpecification","valueRequired":true,"valueName":"search_term_string"}}],"inLanguage":"nl-NL"},{"@type":"Organization","@id":"https:\/\/shop.vintense.com\/nl\/#organization","name":"Vintense","url":"https:\/\/shop.vintense.com\/nl\/","logo":{"@type":"ImageObject","inLanguage":"nl-NL","@id":"https:\/\/shop.vintense.com\/nl\/#\/schema\/logo\/image\/","url":"https:\/\/shop.vintense.com\/wp-content\/uploads\/2024\/03\/logo.svg","contentUrl":"https:\/\/shop.vintense.com\/wp-content\/uploads\/2024\/03\/logo.svg","width":140,"height":70,"caption":"Vintense"},"image":{"@id":"https:\/\/shop.vintense.com\/nl\/#\/schema\/logo\/image\/"},"sameAs":["https:\/\/www.facebook.com\/Vintense.be","https:\/\/www.instagram.com\/vintense_0.0\/","https:\/\/www.linkedin.com\/company\/vintense\/","https:\/\/www.youtube.com\/@vintense-be"]}]},"product_price_amount":"13.49","product_price_currency":"EUR","og_availability":"instock","product_availability":"instock","product_retailer_item_id":"2002940","product_condition":"new"},"_links":{"self":[{"href":"https:\/\/shop.vintense.com\/nl\/wp-json\/wp\/v2\/product\/7682","targetHints":{"allow":["GET"]}}],"collection":[{"href":"https:\/\/shop.vintense.com\/nl\/wp-json\/wp\/v2\/product"}],"about":[{"href":"https:\/\/shop.vintense.com\/nl\/wp-json\/wp\/v2\/types\/product"}],"replies":[{"embeddable":true,"href":"https:\/\/shop.vintense.com\/nl\/wp-json\/wp\/v2\/comments?post=7682"}],"wp:featuredmedia":[{"embeddable":true,"href":"https:\/\/shop.vintense.com\/nl\/wp-json\/wp\/v2\/media\/9872"}],"wp:attachment":[{"href":"https:\/\/shop.vintense.com\/nl\/wp-json\/wp\/v2\/media?parent=7682"}],"wp:term":[{"taxonomy":"product_cat","embeddable":true,"href":"https:\/\/shop.vintense.com\/nl\/wp-json\/wp\/v2\/product_cat?post=7682"},{"taxonomy":"product_tag","embeddable":true,"href":"https:\/\/shop.vintense.com\/nl\/wp-json\/wp\/v2\/product_tag?post=7682"}],"curies":[{"name":"wp","href":"https:\/\/api.w.org\/{rel}","templated":true}]}}