{"id":10072,"date":"2026-04-15T15:26:51","date_gmt":"2026-04-15T13:26:51","guid":{"rendered":"https:\/\/shop.vintense.com\/boutique\/niet-gecategoriseerd\/alcoholvrij-rose-pack-0-0\/"},"modified":"2026-04-15T15:42:53","modified_gmt":"2026-04-15T13:42:53","slug":"alcoholvrij-rose-pack-0-0","status":"publish","type":"product","link":"https:\/\/shop.vintense.com\/nl\/boutique\/set-doos\/alcoholvrij-rose-pack-0-0\/","title":{"rendered":"Alcoholvrij Ros\u00e9 Wijn Pack 0.0%"},"content":{"rendered":"<h2>Het beste van alcoholvrije ros\u00e9 in \u00e9\u00e9n pakket<\/h2>\n<p>Het <strong>Ros\u00e9 All Stars Pack 0.0%<\/strong> is samengesteld om een complete ervaring rond alcoholvrije ros\u00e9 te bieden. Of het nu gaat om een aperitief, een maaltijd of een feestelijk moment, deze selectie speelt in op elke wens met gevarieerde en complementaire smaakprofielen.<\/p>\n<h2>Inhoud van het pakket<\/h2>\n<ul>\n<li><strong>C\u00e9page Syrah Ros\u00e9 0.0% \u2013 75cl<\/strong><br \/>\nEen fruitige en evenwichtige ros\u00e9, met tonen van rood fruit en een mooie frisheid. Perfect bij lichte gerechten of gezellige momenten.<\/li>\n<li><strong>Sober Ros\u00e9 0.0% \u2013 2L<\/strong><br \/>\nHet royale en toegankelijke formaat. Ideaal voor grotere gezelschappen: deze lichte en verfrissende ros\u00e9 is perfect om te delen.<\/li>\n<li><strong>Prestige Ros\u00e9 0.0% \u2013 75cl<\/strong><br \/>\nEen elegante cuv\u00e9e met fijne bubbels, perfect voor speciale gelegenheden. Verfijning en finesse gegarandeerd.<\/li>\n<li><strong>Fines Bulles Ros\u00e9 0.0% \u2013 75cl<\/strong><br \/>\nEen sprankelende ros\u00e9, fris en feestelijk. Het ideale alcoholvrije alternatief om te vieren.<\/li>\n<\/ul>\n<h2>Waarom kiezen voor dit pakket?<\/h2>\n<ul>\n<li>100% alcoholvrij (0.0%)<\/li>\n<li>Een diversiteit aan stijlen: stil, mousserend en in een gezellig deelbaar formaat<\/li>\n<li>Ideaal om het ros\u00e9-assortiment van Vintense te ontdekken of te laten ontdekken<\/li>\n<li>Perfect voor elke gelegenheid: aperitieven, brunches, feesten of als cadeau<\/li>\n<\/ul>\n<h2>Serveertips<\/h2>\n<p>Goed gekoeld serveren (6-8\u00b0C) om optimaal te genieten van de aroma\u2019s en de frisheid van elke referentie.<\/p>\n","protected":false},"excerpt":{"rendered":"<p>Ontdek het alcoholvrije ros\u00e9wijnpakket 0,0%, een onmisbare selectie van <strong>alcoholvrije ros\u00e9wijnen<\/strong> (stil en mousserend) die frisheid, elegantie en diversiteit combineren. Deze set is ideaal voor elke gelegenheid en bevat vier iconische Vintense-wijnen om op een andere manier van ros\u00e9 te genieten, zonder in te boeten aan plezier.<\/p>\n","protected":false},"featured_media":10066,"comment_status":"closed","ping_status":"closed","template":"","meta":{"inline_featured_image":false},"product_cat":[214,218],"product_tag":[],"class_list":{"0":"post-10072","1":"product","2":"type-product","3":"status-publish","4":"has-post-thumbnail","6":"product_cat-alcoholvrije-rose-wijn","7":"product_cat-set-doos","9":"first","10":"instock","11":"sale","12":"shipping-taxable","13":"purchasable","14":"product-type-woosb"},"yoast_head":"<!-- This site is optimized with the Yoast SEO plugin v27.3 - https:\/\/yoast.com\/product\/yoast-seo-wordpress\/ -->\n<title>Vintense Alcoholvrij Ros\u00e9 Wijn Pack 0.0% - Alcoholvrije ros\u00e9 wijn, Set \/ Doos<\/title>\n<meta name=\"description\" content=\"Ontdek het Ros\u00e9 All Stars 0,0%-pakket: 4 alcoholvrije ros\u00e9wijnen van Vintense (stil en mousserend). Ideaal voor elke gelegenheid, 100% alcoholvrij genot.\" \/>\n<meta name=\"robots\" content=\"index, follow, max-snippet:-1, max-image-preview:large, max-video-preview:-1\" \/>\n<link rel=\"canonical\" href=\"https:\/\/shop.vintense.com\/nl\/boutique\/set-doos\/alcoholvrij-rose-pack-0-0\/\" \/>\n<meta property=\"og:locale\" content=\"nl_NL\" \/>\n<meta property=\"og:type\" content=\"article\" \/>\n<meta property=\"og:title\" content=\"Vintense Alcoholvrij Ros\u00e9 Wijn Pack 0.0% - Alcoholvrije ros\u00e9 wijn, Set \/ Doos\" \/>\n<meta property=\"og:description\" content=\"Ontdek het Ros\u00e9 All Stars 0,0%-pakket: 4 alcoholvrije ros\u00e9wijnen van Vintense (stil en mousserend). Ideaal voor elke gelegenheid, 100% alcoholvrij genot.\" \/>\n<meta property=\"og:url\" content=\"https:\/\/shop.vintense.com\/nl\/boutique\/set-doos\/alcoholvrij-rose-pack-0-0\/\" \/>\n<meta property=\"og:site_name\" content=\"Vintense\" \/>\n<meta property=\"article:publisher\" content=\"https:\/\/www.facebook.com\/Vintense.be\" \/>\n<meta property=\"article:modified_time\" content=\"2026-04-15T13:42:53+00:00\" \/>\n<meta property=\"og:image\" content=\"https:\/\/shop.vintense.com\/wp-content\/uploads\/2026\/04\/pack-rose-sans-alcool-vintense.jpg\" \/>\n\t<meta property=\"og:image:width\" content=\"1500\" \/>\n\t<meta property=\"og:image:height\" content=\"1500\" \/>\n\t<meta property=\"og:image:type\" content=\"image\/jpeg\" \/>\n<meta name=\"twitter:card\" content=\"summary_large_image\" \/>\n<meta name=\"twitter:label1\" content=\"Prijs\" \/>\n\t<meta name=\"twitter:data1\" content=\"&euro;&nbsp;37,96\" \/>\n\t<meta name=\"twitter:label2\" content=\"Beschikbaarheid\" \/>\n\t<meta name=\"twitter:data2\" content=\"Op voorraad\" \/>\n<script type=\"application\/ld+json\" class=\"yoast-schema-graph\">{\"@context\":\"https:\\\/\\\/schema.org\",\"@graph\":[{\"@type\":\"WebPage\",\"@id\":\"https:\\\/\\\/shop.vintense.com\\\/nl\\\/boutique\\\/set-doos\\\/alcoholvrij-rose-pack-0-0\\\/\",\"url\":\"https:\\\/\\\/shop.vintense.com\\\/nl\\\/boutique\\\/set-doos\\\/alcoholvrij-rose-pack-0-0\\\/\",\"name\":\"Vintense Alcoholvrij Ros\u00e9 Wijn Pack 0.0% - Alcoholvrije ros\u00e9 wijn, Set \\\/ Doos\",\"isPartOf\":{\"@id\":\"https:\\\/\\\/shop.vintense.com\\\/nl\\\/#website\"},\"primaryImageOfPage\":{\"@id\":\"https:\\\/\\\/shop.vintense.com\\\/nl\\\/boutique\\\/set-doos\\\/alcoholvrij-rose-pack-0-0\\\/#primaryimage\"},\"image\":{\"@id\":\"https:\\\/\\\/shop.vintense.com\\\/nl\\\/boutique\\\/set-doos\\\/alcoholvrij-rose-pack-0-0\\\/#primaryimage\"},\"thumbnailUrl\":\"https:\\\/\\\/shop.vintense.com\\\/wp-content\\\/uploads\\\/2026\\\/04\\\/pack-rose-sans-alcool-vintense.jpg\",\"datePublished\":\"2026-04-15T13:26:51+00:00\",\"dateModified\":\"2026-04-15T13:42:53+00:00\",\"description\":\"Ontdek het Ros\u00e9 All Stars 0,0%-pakket: 4 alcoholvrije ros\u00e9wijnen van Vintense (stil en mousserend). Ideaal voor elke gelegenheid, 100% alcoholvrij genot.\",\"breadcrumb\":{\"@id\":\"https:\\\/\\\/shop.vintense.com\\\/nl\\\/boutique\\\/set-doos\\\/alcoholvrij-rose-pack-0-0\\\/#breadcrumb\"},\"inLanguage\":\"nl-NL\",\"potentialAction\":[{\"@type\":\"ReadAction\",\"target\":[\"https:\\\/\\\/shop.vintense.com\\\/nl\\\/boutique\\\/set-doos\\\/alcoholvrij-rose-pack-0-0\\\/\"]}]},{\"@type\":\"ImageObject\",\"inLanguage\":\"nl-NL\",\"@id\":\"https:\\\/\\\/shop.vintense.com\\\/nl\\\/boutique\\\/set-doos\\\/alcoholvrij-rose-pack-0-0\\\/#primaryimage\",\"url\":\"https:\\\/\\\/shop.vintense.com\\\/wp-content\\\/uploads\\\/2026\\\/04\\\/pack-rose-sans-alcool-vintense.jpg\",\"contentUrl\":\"https:\\\/\\\/shop.vintense.com\\\/wp-content\\\/uploads\\\/2026\\\/04\\\/pack-rose-sans-alcool-vintense.jpg\",\"width\":1500,\"height\":1500},{\"@type\":\"BreadcrumbList\",\"@id\":\"https:\\\/\\\/shop.vintense.com\\\/nl\\\/boutique\\\/set-doos\\\/alcoholvrij-rose-pack-0-0\\\/#breadcrumb\",\"itemListElement\":[{\"@type\":\"ListItem\",\"position\":1,\"name\":\"Accueil\",\"item\":\"https:\\\/\\\/shop.vintense.com\\\/nl\\\/\"},{\"@type\":\"ListItem\",\"position\":2,\"name\":\"Winkel\",\"item\":\"https:\\\/\\\/shop.vintense.com\\\/boutique\\\/\"},{\"@type\":\"ListItem\",\"position\":3,\"name\":\"Alcoholvrij Ros\u00e9 Wijn Pack 0.0%\"}]},{\"@type\":\"WebSite\",\"@id\":\"https:\\\/\\\/shop.vintense.com\\\/nl\\\/#website\",\"url\":\"https:\\\/\\\/shop.vintense.com\\\/nl\\\/\",\"name\":\"Vintense eShop\",\"description\":\"Alcoholvrije wijn - online kopen\",\"publisher\":{\"@id\":\"https:\\\/\\\/shop.vintense.com\\\/nl\\\/#organization\"},\"potentialAction\":[{\"@type\":\"SearchAction\",\"target\":{\"@type\":\"EntryPoint\",\"urlTemplate\":\"https:\\\/\\\/shop.vintense.com\\\/nl\\\/?s={search_term_string}\"},\"query-input\":{\"@type\":\"PropertyValueSpecification\",\"valueRequired\":true,\"valueName\":\"search_term_string\"}}],\"inLanguage\":\"nl-NL\"},{\"@type\":\"Organization\",\"@id\":\"https:\\\/\\\/shop.vintense.com\\\/nl\\\/#organization\",\"name\":\"Vintense\",\"url\":\"https:\\\/\\\/shop.vintense.com\\\/nl\\\/\",\"logo\":{\"@type\":\"ImageObject\",\"inLanguage\":\"nl-NL\",\"@id\":\"https:\\\/\\\/shop.vintense.com\\\/nl\\\/#\\\/schema\\\/logo\\\/image\\\/\",\"url\":\"https:\\\/\\\/shop.vintense.com\\\/wp-content\\\/uploads\\\/2024\\\/03\\\/logo.svg\",\"contentUrl\":\"https:\\\/\\\/shop.vintense.com\\\/wp-content\\\/uploads\\\/2024\\\/03\\\/logo.svg\",\"width\":140,\"height\":70,\"caption\":\"Vintense\"},\"image\":{\"@id\":\"https:\\\/\\\/shop.vintense.com\\\/nl\\\/#\\\/schema\\\/logo\\\/image\\\/\"},\"sameAs\":[\"https:\\\/\\\/www.facebook.com\\\/Vintense.be\",\"https:\\\/\\\/www.instagram.com\\\/vintense_0.0\\\/\",\"https:\\\/\\\/www.linkedin.com\\\/company\\\/vintense\\\/\",\"https:\\\/\\\/www.youtube.com\\\/@vintense-be\"]}]}<\/script>\n<meta property=\"product:price:amount\" content=\"37.96\" \/>\n<meta property=\"product:price:currency\" content=\"EUR\" \/>\n<meta property=\"og:availability\" content=\"instock\" \/>\n<meta property=\"product:availability\" content=\"instock\" \/>\n<meta property=\"product:condition\" content=\"new\" \/>\n<!-- \/ Yoast SEO plugin. -->","yoast_head_json":{"title":"Vintense Alcoholvrij Ros\u00e9 Wijn Pack 0.0% - Alcoholvrije ros\u00e9 wijn, Set \/ Doos","description":"Ontdek het Ros\u00e9 All Stars 0,0%-pakket: 4 alcoholvrije ros\u00e9wijnen van Vintense (stil en mousserend). Ideaal voor elke gelegenheid, 100% alcoholvrij genot.","robots":{"index":"index","follow":"follow","max-snippet":"max-snippet:-1","max-image-preview":"max-image-preview:large","max-video-preview":"max-video-preview:-1"},"canonical":"https:\/\/shop.vintense.com\/nl\/boutique\/set-doos\/alcoholvrij-rose-pack-0-0\/","og_locale":"nl_NL","og_type":"article","og_title":"Vintense Alcoholvrij Ros\u00e9 Wijn Pack 0.0% - Alcoholvrije ros\u00e9 wijn, Set \/ Doos","og_description":"Ontdek het Ros\u00e9 All Stars 0,0%-pakket: 4 alcoholvrije ros\u00e9wijnen van Vintense (stil en mousserend). Ideaal voor elke gelegenheid, 100% alcoholvrij genot.","og_url":"https:\/\/shop.vintense.com\/nl\/boutique\/set-doos\/alcoholvrij-rose-pack-0-0\/","og_site_name":"Vintense","article_publisher":"https:\/\/www.facebook.com\/Vintense.be","article_modified_time":"2026-04-15T13:42:53+00:00","og_image":[{"width":1500,"height":1500,"url":"https:\/\/shop.vintense.com\/wp-content\/uploads\/2026\/04\/pack-rose-sans-alcool-vintense.jpg","type":"image\/jpeg"}],"twitter_card":"summary_large_image","twitter_misc":{"Prijs":"&euro;&nbsp;37,96","Beschikbaarheid":"Op voorraad"},"schema":{"@context":"https:\/\/schema.org","@graph":[{"@type":"WebPage","@id":"https:\/\/shop.vintense.com\/nl\/boutique\/set-doos\/alcoholvrij-rose-pack-0-0\/","url":"https:\/\/shop.vintense.com\/nl\/boutique\/set-doos\/alcoholvrij-rose-pack-0-0\/","name":"Vintense Alcoholvrij Ros\u00e9 Wijn Pack 0.0% - Alcoholvrije ros\u00e9 wijn, Set \/ Doos","isPartOf":{"@id":"https:\/\/shop.vintense.com\/nl\/#website"},"primaryImageOfPage":{"@id":"https:\/\/shop.vintense.com\/nl\/boutique\/set-doos\/alcoholvrij-rose-pack-0-0\/#primaryimage"},"image":{"@id":"https:\/\/shop.vintense.com\/nl\/boutique\/set-doos\/alcoholvrij-rose-pack-0-0\/#primaryimage"},"thumbnailUrl":"https:\/\/shop.vintense.com\/wp-content\/uploads\/2026\/04\/pack-rose-sans-alcool-vintense.jpg","datePublished":"2026-04-15T13:26:51+00:00","dateModified":"2026-04-15T13:42:53+00:00","description":"Ontdek het Ros\u00e9 All Stars 0,0%-pakket: 4 alcoholvrije ros\u00e9wijnen van Vintense (stil en mousserend). Ideaal voor elke gelegenheid, 100% alcoholvrij genot.","breadcrumb":{"@id":"https:\/\/shop.vintense.com\/nl\/boutique\/set-doos\/alcoholvrij-rose-pack-0-0\/#breadcrumb"},"inLanguage":"nl-NL","potentialAction":[{"@type":"ReadAction","target":["https:\/\/shop.vintense.com\/nl\/boutique\/set-doos\/alcoholvrij-rose-pack-0-0\/"]}]},{"@type":"ImageObject","inLanguage":"nl-NL","@id":"https:\/\/shop.vintense.com\/nl\/boutique\/set-doos\/alcoholvrij-rose-pack-0-0\/#primaryimage","url":"https:\/\/shop.vintense.com\/wp-content\/uploads\/2026\/04\/pack-rose-sans-alcool-vintense.jpg","contentUrl":"https:\/\/shop.vintense.com\/wp-content\/uploads\/2026\/04\/pack-rose-sans-alcool-vintense.jpg","width":1500,"height":1500},{"@type":"BreadcrumbList","@id":"https:\/\/shop.vintense.com\/nl\/boutique\/set-doos\/alcoholvrij-rose-pack-0-0\/#breadcrumb","itemListElement":[{"@type":"ListItem","position":1,"name":"Accueil","item":"https:\/\/shop.vintense.com\/nl\/"},{"@type":"ListItem","position":2,"name":"Winkel","item":"https:\/\/shop.vintense.com\/boutique\/"},{"@type":"ListItem","position":3,"name":"Alcoholvrij Ros\u00e9 Wijn Pack 0.0%"}]},{"@type":"WebSite","@id":"https:\/\/shop.vintense.com\/nl\/#website","url":"https:\/\/shop.vintense.com\/nl\/","name":"Vintense eShop","description":"Alcoholvrije wijn - online kopen","publisher":{"@id":"https:\/\/shop.vintense.com\/nl\/#organization"},"potentialAction":[{"@type":"SearchAction","target":{"@type":"EntryPoint","urlTemplate":"https:\/\/shop.vintense.com\/nl\/?s={search_term_string}"},"query-input":{"@type":"PropertyValueSpecification","valueRequired":true,"valueName":"search_term_string"}}],"inLanguage":"nl-NL"},{"@type":"Organization","@id":"https:\/\/shop.vintense.com\/nl\/#organization","name":"Vintense","url":"https:\/\/shop.vintense.com\/nl\/","logo":{"@type":"ImageObject","inLanguage":"nl-NL","@id":"https:\/\/shop.vintense.com\/nl\/#\/schema\/logo\/image\/","url":"https:\/\/shop.vintense.com\/wp-content\/uploads\/2024\/03\/logo.svg","contentUrl":"https:\/\/shop.vintense.com\/wp-content\/uploads\/2024\/03\/logo.svg","width":140,"height":70,"caption":"Vintense"},"image":{"@id":"https:\/\/shop.vintense.com\/nl\/#\/schema\/logo\/image\/"},"sameAs":["https:\/\/www.facebook.com\/Vintense.be","https:\/\/www.instagram.com\/vintense_0.0\/","https:\/\/www.linkedin.com\/company\/vintense\/","https:\/\/www.youtube.com\/@vintense-be"]}]},"product_price_amount":"37.96","product_price_currency":"EUR","og_availability":"instock","product_availability":"instock","product_condition":"new"},"_links":{"self":[{"href":"https:\/\/shop.vintense.com\/nl\/wp-json\/wp\/v2\/product\/10072","targetHints":{"allow":["GET"]}}],"collection":[{"href":"https:\/\/shop.vintense.com\/nl\/wp-json\/wp\/v2\/product"}],"about":[{"href":"https:\/\/shop.vintense.com\/nl\/wp-json\/wp\/v2\/types\/product"}],"replies":[{"embeddable":true,"href":"https:\/\/shop.vintense.com\/nl\/wp-json\/wp\/v2\/comments?post=10072"}],"wp:featuredmedia":[{"embeddable":true,"href":"https:\/\/shop.vintense.com\/nl\/wp-json\/wp\/v2\/media\/10066"}],"wp:attachment":[{"href":"https:\/\/shop.vintense.com\/nl\/wp-json\/wp\/v2\/media?parent=10072"}],"wp:term":[{"taxonomy":"product_cat","embeddable":true,"href":"https:\/\/shop.vintense.com\/nl\/wp-json\/wp\/v2\/product_cat?post=10072"},{"taxonomy":"product_tag","embeddable":true,"href":"https:\/\/shop.vintense.com\/nl\/wp-json\/wp\/v2\/product_tag?post=10072"}],"curies":[{"name":"wp","href":"https:\/\/api.w.org\/{rel}","templated":true}]}}