{"id":10055,"date":"2026-04-15T09:50:33","date_gmt":"2026-04-15T07:50:33","guid":{"rendered":"https:\/\/shop.vintense.com\/boutique\/niet-gecategoriseerd\/pack-signature-premium-0-0\/"},"modified":"2026-04-15T15:16:45","modified_gmt":"2026-04-15T13:16:45","slug":"pack-signature-premium-0-0","status":"publish","type":"product","link":"https:\/\/shop.vintense.com\/nl\/boutique\/set-doos\/pack-signature-premium-0-0\/","title":{"rendered":"Pack Signature Premium 0.0%"},"content":{"rendered":"<h2>Signature Premium Pack \u2013 Bekroonde alcoholvrije wijnen 0.0%<\/h2>\n<p><strong>De meest bekroonde cuv\u00e9es van Vintense verzameld in \u00e9\u00e9n box.<\/strong><\/p>\n<p>Dit <strong>premium pack alcoholvrije wijnen<\/strong> bundelt 4 iconische referenties uit de <strong>O\u00b0rigin<\/strong> en <strong>Prestige<\/strong> gamma\u2019s. Een high-end selectie, erkend om zijn kwaliteit en bekroond op <strong>internationale wedstrijden<\/strong>.<\/p>\n<p>Tussen terroirinspiratie en verfijnde bubbels ontdek je <strong>alcoholvrije wijnen 0.0%<\/strong> die elegantie, balans en plezier combineren. De ideale keuze voor veeleisende liefhebbers of als premium geschenk.<\/p>\n<h2>Een uitzonderlijke selectie, internationaal bekroond<\/h2>\n<ul>\n<li><strong>O\u00b0rigin Les Galets 0.0% \u2013 75cl<\/strong><br \/>\nGe\u00efnspireerd op grote Rh\u00f4ne-wijnen, gestructureerd en vol.<br \/>\n<em>Zilveren medaille \u2013 World Alcohol-Free Awards 2024<\/em><\/li>\n<li><strong>O\u00b0rigin Terra Australis 0.0% \u2013 75cl<\/strong><br \/>\nElegant en evenwichtig, met verfijnde exotische toetsen.<br \/>\n<em>Gouden medaille \u2013 Vinalies Internationales 2024<\/em><\/li>\n<li><strong>Prestige Blanc de Blancs 0.0% \u2013 75cl<\/strong><br \/>\nVerfijnd en delicaat, met elegante fijne bubbels.<br \/>\n<em>Zilveren medaille \u2013 Global Low &amp; No Alcohol Wine Masters 2025<\/em><\/li>\n<li><strong>Prestige Ros\u00e9 0.0% \u2013 75cl<\/strong><br \/>\nSubtiel en verfijnd, met een frisse fruitige toets.<br \/>\n<em>Grote gouden medaille \u2013 Vinalies Internationales 2024<\/em><\/li>\n<\/ul>\n<h2>Waarom kiezen voor dit premium pack alcoholvrije wijnen?<\/h2>\n<p>Dit <strong>signature pack<\/strong> belichaamt het beste van de Vintense expertise. Elke cuv\u00e9e werd geselecteerd om haar erkende kwaliteit en uniek aromatisch profiel, voor een complete en premium degustatie-ervaring.<\/p>\n<ul>\n<li>\u2714 4 premium referenties van <strong>alcoholvrije wijnen<\/strong><\/li>\n<li>\u2714 Bekroonde cuv\u00e9es op internationale wedstrijden<\/li>\n<li>\u2714 Combinatie van stille en mousserende wijnen<\/li>\n<li>\u2714 100% alcoholvrij \u2013 0.0%<\/li>\n<li>\u2714 Ideaal als geschenk of voor speciale gelegenheden<\/li>\n<\/ul>\n<h2>De excellentie van alcoholvrije wijn<\/h2>\n<p>Met dit pakket bevestigt Vintense zijn positie als referentie binnen de wereld van <strong>alcoholvrije wijn<\/strong>. Een selectie die vakmanschap, innovatie en internationale erkenning combineert voor een compromisloze ervaring.<\/p>\n<h2>Serveertips<\/h2>\n<p>Serveer de mousserende wijnen goed gekoeld (6\u20138\u00b0C) om de finesse van de bubbels optimaal tot hun recht te laten komen. De stille wijnen mogen licht gekoeld worden om hun aroma\u2019s volledig te laten spreken.<\/p>\n<h2>De ideale box om te schenken of zelf van te genieten<\/h2>\n<p>Dit <strong>premium pack alcoholvrije wijnen<\/strong> is perfect om bijzondere momenten te vieren, een elegant cadeau te geven of de meest bekroonde cuv\u00e9es van Vintense te ontdekken.<\/p>\n","protected":false},"excerpt":{"rendered":"<p><strong>De meest exclusieve en bekroonde wijnen van Vintense bij elkaar.<\/strong> Dit pakket bevat 4 uitzonderlijke alcoholvrije wijnen uit de O\u00b0rigin- en Prestige-series, waaronder de verfijnde Blanc de Blancs. Deze wijnen zijn bekroond tijdens internationale wedstrijden en zijn ideaal om cadeau te geven of om in stijl te vieren, zonder alcohol.<\/p>\n","protected":false},"featured_media":10026,"comment_status":"closed","ping_status":"closed","template":"","meta":{"inline_featured_image":false},"product_cat":[218],"product_tag":[],"class_list":{"0":"post-10055","1":"product","2":"type-product","3":"status-publish","4":"has-post-thumbnail","6":"product_cat-set-doos","8":"first","9":"instock","10":"sale","11":"shipping-taxable","12":"purchasable","13":"product-type-woosb"},"yoast_head":"<!-- This site is optimized with the Yoast SEO plugin v27.3 - https:\/\/yoast.com\/product\/yoast-seo-wordpress\/ -->\n<title>Premiumpakket bekroonde alcoholvrije wijn 0,0% 75 cl \u2013 Vintense<\/title>\n<meta name=\"description\" content=\"Ontdek een premiumpakket alcoholvrije wijnen van Vintense met 4 bekroonde cuv\u00e9es: O\u00b0rigin en Prestige, waaronder Blanc de Blancs. Elegantie en erkende kwaliteit.\" \/>\n<meta name=\"robots\" content=\"index, follow, max-snippet:-1, max-image-preview:large, max-video-preview:-1\" \/>\n<link rel=\"canonical\" href=\"https:\/\/shop.vintense.com\/nl\/boutique\/set-doos\/pack-signature-premium-0-0\/\" \/>\n<meta property=\"og:locale\" content=\"nl_NL\" \/>\n<meta property=\"og:type\" content=\"article\" \/>\n<meta property=\"og:title\" content=\"Premiumpakket bekroonde alcoholvrije wijn 0,0% 75 cl \u2013 Vintense\" \/>\n<meta property=\"og:description\" content=\"Ontdek een premiumpakket alcoholvrije wijnen van Vintense met 4 bekroonde cuv\u00e9es: O\u00b0rigin en Prestige, waaronder Blanc de Blancs. Elegantie en erkende kwaliteit.\" \/>\n<meta property=\"og:url\" content=\"https:\/\/shop.vintense.com\/nl\/boutique\/set-doos\/pack-signature-premium-0-0\/\" \/>\n<meta property=\"og:site_name\" content=\"Vintense\" \/>\n<meta property=\"article:publisher\" content=\"https:\/\/www.facebook.com\/Vintense.be\" \/>\n<meta property=\"article:modified_time\" content=\"2026-04-15T13:16:45+00:00\" \/>\n<meta property=\"og:image\" content=\"https:\/\/shop.vintense.com\/wp-content\/uploads\/2026\/04\/pack-premium-vin-sans-alcool.jpg\" \/>\n\t<meta property=\"og:image:width\" content=\"1500\" \/>\n\t<meta property=\"og:image:height\" content=\"1500\" \/>\n\t<meta property=\"og:image:type\" content=\"image\/jpeg\" \/>\n<meta name=\"twitter:card\" content=\"summary_large_image\" \/>\n<meta name=\"twitter:label1\" content=\"Prijs\" \/>\n\t<meta name=\"twitter:data1\" content=\"&euro;&nbsp;41,96\" \/>\n\t<meta name=\"twitter:label2\" content=\"Beschikbaarheid\" \/>\n\t<meta name=\"twitter:data2\" content=\"Op voorraad\" \/>\n<script type=\"application\/ld+json\" class=\"yoast-schema-graph\">{\"@context\":\"https:\\\/\\\/schema.org\",\"@graph\":[{\"@type\":\"WebPage\",\"@id\":\"https:\\\/\\\/shop.vintense.com\\\/nl\\\/boutique\\\/set-doos\\\/pack-signature-premium-0-0\\\/\",\"url\":\"https:\\\/\\\/shop.vintense.com\\\/nl\\\/boutique\\\/set-doos\\\/pack-signature-premium-0-0\\\/\",\"name\":\"Premiumpakket bekroonde alcoholvrije wijn 0,0% 75 cl \u2013 Vintense\",\"isPartOf\":{\"@id\":\"https:\\\/\\\/shop.vintense.com\\\/nl\\\/#website\"},\"primaryImageOfPage\":{\"@id\":\"https:\\\/\\\/shop.vintense.com\\\/nl\\\/boutique\\\/set-doos\\\/pack-signature-premium-0-0\\\/#primaryimage\"},\"image\":{\"@id\":\"https:\\\/\\\/shop.vintense.com\\\/nl\\\/boutique\\\/set-doos\\\/pack-signature-premium-0-0\\\/#primaryimage\"},\"thumbnailUrl\":\"https:\\\/\\\/shop.vintense.com\\\/wp-content\\\/uploads\\\/2026\\\/04\\\/pack-premium-vin-sans-alcool.jpg\",\"datePublished\":\"2026-04-15T07:50:33+00:00\",\"dateModified\":\"2026-04-15T13:16:45+00:00\",\"description\":\"Ontdek een premiumpakket alcoholvrije wijnen van Vintense met 4 bekroonde cuv\u00e9es: O\u00b0rigin en Prestige, waaronder Blanc de Blancs. Elegantie en erkende kwaliteit.\",\"breadcrumb\":{\"@id\":\"https:\\\/\\\/shop.vintense.com\\\/nl\\\/boutique\\\/set-doos\\\/pack-signature-premium-0-0\\\/#breadcrumb\"},\"inLanguage\":\"nl-NL\",\"potentialAction\":[{\"@type\":\"ReadAction\",\"target\":[\"https:\\\/\\\/shop.vintense.com\\\/nl\\\/boutique\\\/set-doos\\\/pack-signature-premium-0-0\\\/\"]}]},{\"@type\":\"ImageObject\",\"inLanguage\":\"nl-NL\",\"@id\":\"https:\\\/\\\/shop.vintense.com\\\/nl\\\/boutique\\\/set-doos\\\/pack-signature-premium-0-0\\\/#primaryimage\",\"url\":\"https:\\\/\\\/shop.vintense.com\\\/wp-content\\\/uploads\\\/2026\\\/04\\\/pack-premium-vin-sans-alcool.jpg\",\"contentUrl\":\"https:\\\/\\\/shop.vintense.com\\\/wp-content\\\/uploads\\\/2026\\\/04\\\/pack-premium-vin-sans-alcool.jpg\",\"width\":1500,\"height\":1500},{\"@type\":\"BreadcrumbList\",\"@id\":\"https:\\\/\\\/shop.vintense.com\\\/nl\\\/boutique\\\/set-doos\\\/pack-signature-premium-0-0\\\/#breadcrumb\",\"itemListElement\":[{\"@type\":\"ListItem\",\"position\":1,\"name\":\"Accueil\",\"item\":\"https:\\\/\\\/shop.vintense.com\\\/nl\\\/\"},{\"@type\":\"ListItem\",\"position\":2,\"name\":\"Winkel\",\"item\":\"https:\\\/\\\/shop.vintense.com\\\/boutique\\\/\"},{\"@type\":\"ListItem\",\"position\":3,\"name\":\"Pack Signature Premium 0.0%\"}]},{\"@type\":\"WebSite\",\"@id\":\"https:\\\/\\\/shop.vintense.com\\\/nl\\\/#website\",\"url\":\"https:\\\/\\\/shop.vintense.com\\\/nl\\\/\",\"name\":\"Vintense eShop\",\"description\":\"Alcoholvrije wijn - online kopen\",\"publisher\":{\"@id\":\"https:\\\/\\\/shop.vintense.com\\\/nl\\\/#organization\"},\"potentialAction\":[{\"@type\":\"SearchAction\",\"target\":{\"@type\":\"EntryPoint\",\"urlTemplate\":\"https:\\\/\\\/shop.vintense.com\\\/nl\\\/?s={search_term_string}\"},\"query-input\":{\"@type\":\"PropertyValueSpecification\",\"valueRequired\":true,\"valueName\":\"search_term_string\"}}],\"inLanguage\":\"nl-NL\"},{\"@type\":\"Organization\",\"@id\":\"https:\\\/\\\/shop.vintense.com\\\/nl\\\/#organization\",\"name\":\"Vintense\",\"url\":\"https:\\\/\\\/shop.vintense.com\\\/nl\\\/\",\"logo\":{\"@type\":\"ImageObject\",\"inLanguage\":\"nl-NL\",\"@id\":\"https:\\\/\\\/shop.vintense.com\\\/nl\\\/#\\\/schema\\\/logo\\\/image\\\/\",\"url\":\"https:\\\/\\\/shop.vintense.com\\\/wp-content\\\/uploads\\\/2024\\\/03\\\/logo.svg\",\"contentUrl\":\"https:\\\/\\\/shop.vintense.com\\\/wp-content\\\/uploads\\\/2024\\\/03\\\/logo.svg\",\"width\":140,\"height\":70,\"caption\":\"Vintense\"},\"image\":{\"@id\":\"https:\\\/\\\/shop.vintense.com\\\/nl\\\/#\\\/schema\\\/logo\\\/image\\\/\"},\"sameAs\":[\"https:\\\/\\\/www.facebook.com\\\/Vintense.be\",\"https:\\\/\\\/www.instagram.com\\\/vintense_0.0\\\/\",\"https:\\\/\\\/www.linkedin.com\\\/company\\\/vintense\\\/\",\"https:\\\/\\\/www.youtube.com\\\/@vintense-be\"]}]}<\/script>\n<meta property=\"product:price:amount\" content=\"41.96\" \/>\n<meta property=\"product:price:currency\" content=\"EUR\" \/>\n<meta property=\"og:availability\" content=\"instock\" \/>\n<meta property=\"product:availability\" content=\"instock\" \/>\n<meta property=\"product:condition\" content=\"new\" \/>\n<!-- \/ Yoast SEO plugin. -->","yoast_head_json":{"title":"Premiumpakket bekroonde alcoholvrije wijn 0,0% 75 cl \u2013 Vintense","description":"Ontdek een premiumpakket alcoholvrije wijnen van Vintense met 4 bekroonde cuv\u00e9es: O\u00b0rigin en Prestige, waaronder Blanc de Blancs. Elegantie en erkende kwaliteit.","robots":{"index":"index","follow":"follow","max-snippet":"max-snippet:-1","max-image-preview":"max-image-preview:large","max-video-preview":"max-video-preview:-1"},"canonical":"https:\/\/shop.vintense.com\/nl\/boutique\/set-doos\/pack-signature-premium-0-0\/","og_locale":"nl_NL","og_type":"article","og_title":"Premiumpakket bekroonde alcoholvrije wijn 0,0% 75 cl \u2013 Vintense","og_description":"Ontdek een premiumpakket alcoholvrije wijnen van Vintense met 4 bekroonde cuv\u00e9es: O\u00b0rigin en Prestige, waaronder Blanc de Blancs. Elegantie en erkende kwaliteit.","og_url":"https:\/\/shop.vintense.com\/nl\/boutique\/set-doos\/pack-signature-premium-0-0\/","og_site_name":"Vintense","article_publisher":"https:\/\/www.facebook.com\/Vintense.be","article_modified_time":"2026-04-15T13:16:45+00:00","og_image":[{"width":1500,"height":1500,"url":"https:\/\/shop.vintense.com\/wp-content\/uploads\/2026\/04\/pack-premium-vin-sans-alcool.jpg","type":"image\/jpeg"}],"twitter_card":"summary_large_image","twitter_misc":{"Prijs":"&euro;&nbsp;41,96","Beschikbaarheid":"Op voorraad"},"schema":{"@context":"https:\/\/schema.org","@graph":[{"@type":"WebPage","@id":"https:\/\/shop.vintense.com\/nl\/boutique\/set-doos\/pack-signature-premium-0-0\/","url":"https:\/\/shop.vintense.com\/nl\/boutique\/set-doos\/pack-signature-premium-0-0\/","name":"Premiumpakket bekroonde alcoholvrije wijn 0,0% 75 cl \u2013 Vintense","isPartOf":{"@id":"https:\/\/shop.vintense.com\/nl\/#website"},"primaryImageOfPage":{"@id":"https:\/\/shop.vintense.com\/nl\/boutique\/set-doos\/pack-signature-premium-0-0\/#primaryimage"},"image":{"@id":"https:\/\/shop.vintense.com\/nl\/boutique\/set-doos\/pack-signature-premium-0-0\/#primaryimage"},"thumbnailUrl":"https:\/\/shop.vintense.com\/wp-content\/uploads\/2026\/04\/pack-premium-vin-sans-alcool.jpg","datePublished":"2026-04-15T07:50:33+00:00","dateModified":"2026-04-15T13:16:45+00:00","description":"Ontdek een premiumpakket alcoholvrije wijnen van Vintense met 4 bekroonde cuv\u00e9es: O\u00b0rigin en Prestige, waaronder Blanc de Blancs. Elegantie en erkende kwaliteit.","breadcrumb":{"@id":"https:\/\/shop.vintense.com\/nl\/boutique\/set-doos\/pack-signature-premium-0-0\/#breadcrumb"},"inLanguage":"nl-NL","potentialAction":[{"@type":"ReadAction","target":["https:\/\/shop.vintense.com\/nl\/boutique\/set-doos\/pack-signature-premium-0-0\/"]}]},{"@type":"ImageObject","inLanguage":"nl-NL","@id":"https:\/\/shop.vintense.com\/nl\/boutique\/set-doos\/pack-signature-premium-0-0\/#primaryimage","url":"https:\/\/shop.vintense.com\/wp-content\/uploads\/2026\/04\/pack-premium-vin-sans-alcool.jpg","contentUrl":"https:\/\/shop.vintense.com\/wp-content\/uploads\/2026\/04\/pack-premium-vin-sans-alcool.jpg","width":1500,"height":1500},{"@type":"BreadcrumbList","@id":"https:\/\/shop.vintense.com\/nl\/boutique\/set-doos\/pack-signature-premium-0-0\/#breadcrumb","itemListElement":[{"@type":"ListItem","position":1,"name":"Accueil","item":"https:\/\/shop.vintense.com\/nl\/"},{"@type":"ListItem","position":2,"name":"Winkel","item":"https:\/\/shop.vintense.com\/boutique\/"},{"@type":"ListItem","position":3,"name":"Pack Signature Premium 0.0%"}]},{"@type":"WebSite","@id":"https:\/\/shop.vintense.com\/nl\/#website","url":"https:\/\/shop.vintense.com\/nl\/","name":"Vintense eShop","description":"Alcoholvrije wijn - online kopen","publisher":{"@id":"https:\/\/shop.vintense.com\/nl\/#organization"},"potentialAction":[{"@type":"SearchAction","target":{"@type":"EntryPoint","urlTemplate":"https:\/\/shop.vintense.com\/nl\/?s={search_term_string}"},"query-input":{"@type":"PropertyValueSpecification","valueRequired":true,"valueName":"search_term_string"}}],"inLanguage":"nl-NL"},{"@type":"Organization","@id":"https:\/\/shop.vintense.com\/nl\/#organization","name":"Vintense","url":"https:\/\/shop.vintense.com\/nl\/","logo":{"@type":"ImageObject","inLanguage":"nl-NL","@id":"https:\/\/shop.vintense.com\/nl\/#\/schema\/logo\/image\/","url":"https:\/\/shop.vintense.com\/wp-content\/uploads\/2024\/03\/logo.svg","contentUrl":"https:\/\/shop.vintense.com\/wp-content\/uploads\/2024\/03\/logo.svg","width":140,"height":70,"caption":"Vintense"},"image":{"@id":"https:\/\/shop.vintense.com\/nl\/#\/schema\/logo\/image\/"},"sameAs":["https:\/\/www.facebook.com\/Vintense.be","https:\/\/www.instagram.com\/vintense_0.0\/","https:\/\/www.linkedin.com\/company\/vintense\/","https:\/\/www.youtube.com\/@vintense-be"]}]},"product_price_amount":"41.96","product_price_currency":"EUR","og_availability":"instock","product_availability":"instock","product_condition":"new"},"_links":{"self":[{"href":"https:\/\/shop.vintense.com\/nl\/wp-json\/wp\/v2\/product\/10055","targetHints":{"allow":["GET"]}}],"collection":[{"href":"https:\/\/shop.vintense.com\/nl\/wp-json\/wp\/v2\/product"}],"about":[{"href":"https:\/\/shop.vintense.com\/nl\/wp-json\/wp\/v2\/types\/product"}],"replies":[{"embeddable":true,"href":"https:\/\/shop.vintense.com\/nl\/wp-json\/wp\/v2\/comments?post=10055"}],"wp:featuredmedia":[{"embeddable":true,"href":"https:\/\/shop.vintense.com\/nl\/wp-json\/wp\/v2\/media\/10026"}],"wp:attachment":[{"href":"https:\/\/shop.vintense.com\/nl\/wp-json\/wp\/v2\/media?parent=10055"}],"wp:term":[{"taxonomy":"product_cat","embeddable":true,"href":"https:\/\/shop.vintense.com\/nl\/wp-json\/wp\/v2\/product_cat?post=10055"},{"taxonomy":"product_tag","embeddable":true,"href":"https:\/\/shop.vintense.com\/nl\/wp-json\/wp\/v2\/product_tag?post=10055"}],"curies":[{"name":"wp","href":"https:\/\/api.w.org\/{rel}","templated":true}]}}