{"id":9319,"date":"2025-11-04T12:44:34","date_gmt":"2025-11-04T11:44:34","guid":{"rendered":"https:\/\/shop.vintense.com\/?post_type=product&#038;p=9319"},"modified":"2025-11-04T12:46:26","modified_gmt":"2025-11-04T11:46:26","slug":"spritz-sans-alcool-3x20cl","status":"publish","type":"product","link":"https:\/\/shop.vintense.com\/en\/boutique\/non-alcoholic-cocktail\/spritz-sans-alcool-3x20cl\/","title":{"rendered":"Spritz sans alcool 0.0% 3x20cl"},"content":{"rendered":"<h3>Spritz Vintense 20cl \u2013 L\u2019ap\u00e9ritif sans alcool \u00e0 l\u2019italienne<\/h3>\n<p>Incontournable des terrasses et des d\u00e9buts de soir\u00e9e, le Spritz se d\u00e9cline ici en version 0.0% avec tout son caract\u00e8re rafra\u00eechissant et p\u00e9tillant&#8230; mais sans la moindre goutte d\u2019alcool. Le Spritz Vintense 20cl est un mocktail sans alcool pr\u00eat \u00e0 boire, \u00e9labor\u00e9 \u00e0 base de vin blanc effervescent d\u00e9salcoolis\u00e9, d\u2019ar\u00f4mes naturels d\u2019orange am\u00e8re et d\u2019une touche d\u2019amertume subtile.<\/p>\n<p>L\u00e9ger, effervescent et \u00e9l\u00e9gant, il conserve le profil aromatique du Spritz classique tout en \u00e9tant accessible \u00e0 tous. Ce cocktail sans alcool est parfait pour les ap\u00e9ritifs festifs, les pique-niques ou les moments entre amis.<\/p>\n<h3>Un mocktail 0.0% qui ne fait aucun compromis<\/h3>\n<p>Gr\u00e2ce \u00e0 sa base de vin d\u00e9salcoolis\u00e9, le Spritz Vintense conserve la finesse d\u2019une vraie bulle et la structure d\u2019un cocktail travaill\u00e9, sans aucun ajout d\u2019alcool. Il est pr\u00eat \u00e0 servir, sans besoin de mixer ni doser, et peut \u00eatre consomm\u00e9 directement dans un verre avec quelques gla\u00e7ons.<\/p>\n","protected":false},"excerpt":{"rendered":"<p>Le<strong> Spritz Vintense 20cl<\/strong> r\u00e9invente l\u2019ap\u00e9ritif avec une version sans alcool de ce cocktail iconique. \u00c0 base de vin effervescent d\u00e9salcoolis\u00e9 et d\u2019ar\u00f4mes d\u2019orange am\u00e8re, il est pr\u00eat \u00e0 boire, p\u00e9tillant et 100% festif.<\/p>\n","protected":false},"featured_media":9321,"comment_status":"closed","ping_status":"closed","template":"","meta":{"inline_featured_image":false},"product_cat":[125],"product_tag":[],"class_list":{"0":"post-9319","1":"product","2":"type-product","3":"status-publish","4":"has-post-thumbnail","6":"product_brand-mocktail","7":"product_cat-cocktail-sans-alcool","9":"first","10":"instock","11":"shipping-taxable","12":"purchasable","13":"product-type-simple"},"yoast_head":"<!-- This site is optimized with the Yoast SEO plugin v27.0 - https:\/\/yoast.com\/product\/yoast-seo-wordpress\/ -->\n<title>Vintense Mocktail Spritz sans alcool 0.0% 3x20cl - Cocktail sans alcool<\/title>\n<meta name=\"description\" content=\"\u00c0 base de vin effervescent d\u00e9salcoolis\u00e9 et d\u2019ar\u00f4mes d\u2019orange am\u00e8re, il est pr\u00eat \u00e0 boire, p\u00e9tillant et 100% festif.\" \/>\n<meta name=\"robots\" content=\"index, follow, max-snippet:-1, max-image-preview:large, max-video-preview:-1\" \/>\n<link rel=\"canonical\" href=\"https:\/\/shop.vintense.com\/en\/boutique\/non-alcoholic-cocktail\/spritz-sans-alcool-3x20cl\/\" \/>\n<meta property=\"og:locale\" content=\"en_US\" \/>\n<meta property=\"og:type\" content=\"article\" \/>\n<meta property=\"og:title\" content=\"Vintense Mocktail Spritz sans alcool 0.0% 3x20cl - Cocktail sans alcool\" \/>\n<meta property=\"og:description\" content=\"\u00c0 base de vin effervescent d\u00e9salcoolis\u00e9 et d\u2019ar\u00f4mes d\u2019orange am\u00e8re, il est pr\u00eat \u00e0 boire, p\u00e9tillant et 100% festif.\" \/>\n<meta property=\"og:url\" content=\"https:\/\/shop.vintense.com\/en\/boutique\/non-alcoholic-cocktail\/spritz-sans-alcool-3x20cl\/\" \/>\n<meta property=\"og:site_name\" content=\"Vintense\" \/>\n<meta property=\"article:publisher\" content=\"https:\/\/www.facebook.com\/Vintense.be\" \/>\n<meta property=\"article:modified_time\" content=\"2025-11-04T11:46:26+00:00\" \/>\n<meta property=\"og:image\" content=\"https:\/\/shop.vintense.com\/wp-content\/uploads\/2025\/11\/pack-3-vintense-mocktail-spritz-min.jpg\" \/>\n\t<meta property=\"og:image:width\" content=\"1500\" \/>\n\t<meta property=\"og:image:height\" content=\"1500\" \/>\n\t<meta property=\"og:image:type\" content=\"image\/jpeg\" \/>\n<meta name=\"twitter:card\" content=\"summary_large_image\" \/>\n<meta name=\"twitter:label1\" content=\"Price\" \/>\n\t<meta name=\"twitter:data1\" content=\"&euro;&nbsp;7,99\" \/>\n\t<meta name=\"twitter:label2\" content=\"Availability\" \/>\n\t<meta name=\"twitter:data2\" content=\"In stock\" \/>\n<script type=\"application\/ld+json\" class=\"yoast-schema-graph\">{\"@context\":\"https:\/\/schema.org\",\"@graph\":[{\"@type\":\"WebPage\",\"@id\":\"https:\/\/shop.vintense.com\/en\/boutique\/non-alcoholic-cocktail\/spritz-sans-alcool-3x20cl\/\",\"url\":\"https:\/\/shop.vintense.com\/en\/boutique\/non-alcoholic-cocktail\/spritz-sans-alcool-3x20cl\/\",\"name\":\"Vintense Mocktail Spritz sans alcool 0.0% 3x20cl - Cocktail sans alcool\",\"isPartOf\":{\"@id\":\"https:\/\/shop.vintense.com\/en\/#website\"},\"primaryImageOfPage\":{\"@id\":\"https:\/\/shop.vintense.com\/en\/boutique\/non-alcoholic-cocktail\/spritz-sans-alcool-3x20cl\/#primaryimage\"},\"image\":{\"@id\":\"https:\/\/shop.vintense.com\/en\/boutique\/non-alcoholic-cocktail\/spritz-sans-alcool-3x20cl\/#primaryimage\"},\"thumbnailUrl\":\"https:\/\/shop.vintense.com\/wp-content\/uploads\/2025\/11\/pack-3-vintense-mocktail-spritz-min.jpg\",\"datePublished\":\"2025-11-04T11:44:34+00:00\",\"dateModified\":\"2025-11-04T11:46:26+00:00\",\"description\":\"\u00c0 base de vin effervescent d\u00e9salcoolis\u00e9 et d\u2019ar\u00f4mes d\u2019orange am\u00e8re, il est pr\u00eat \u00e0 boire, p\u00e9tillant et 100% festif.\",\"breadcrumb\":{\"@id\":\"https:\/\/shop.vintense.com\/en\/boutique\/non-alcoholic-cocktail\/spritz-sans-alcool-3x20cl\/#breadcrumb\"},\"inLanguage\":\"en-US\",\"potentialAction\":[{\"@type\":\"ReadAction\",\"target\":[\"https:\/\/shop.vintense.com\/en\/boutique\/non-alcoholic-cocktail\/spritz-sans-alcool-3x20cl\/\"]}]},{\"@type\":\"ImageObject\",\"inLanguage\":\"en-US\",\"@id\":\"https:\/\/shop.vintense.com\/en\/boutique\/non-alcoholic-cocktail\/spritz-sans-alcool-3x20cl\/#primaryimage\",\"url\":\"https:\/\/shop.vintense.com\/wp-content\/uploads\/2025\/11\/pack-3-vintense-mocktail-spritz-min.jpg\",\"contentUrl\":\"https:\/\/shop.vintense.com\/wp-content\/uploads\/2025\/11\/pack-3-vintense-mocktail-spritz-min.jpg\",\"width\":1500,\"height\":1500},{\"@type\":\"BreadcrumbList\",\"@id\":\"https:\/\/shop.vintense.com\/en\/boutique\/non-alcoholic-cocktail\/spritz-sans-alcool-3x20cl\/#breadcrumb\",\"itemListElement\":[{\"@type\":\"ListItem\",\"position\":1,\"name\":\"Accueil\",\"item\":\"https:\/\/shop.vintense.com\/en\/\"},{\"@type\":\"ListItem\",\"position\":2,\"name\":\"Shop\",\"item\":\"https:\/\/shop.vintense.com\/boutique\/\"},{\"@type\":\"ListItem\",\"position\":3,\"name\":\"Spritz sans alcool 0.0% 3x20cl\"}]},{\"@type\":\"WebSite\",\"@id\":\"https:\/\/shop.vintense.com\/en\/#website\",\"url\":\"https:\/\/shop.vintense.com\/en\/\",\"name\":\"Vintense eShop\",\"description\":\"Non-alcoholic wine - Buy online\",\"publisher\":{\"@id\":\"https:\/\/shop.vintense.com\/en\/#organization\"},\"potentialAction\":[{\"@type\":\"SearchAction\",\"target\":{\"@type\":\"EntryPoint\",\"urlTemplate\":\"https:\/\/shop.vintense.com\/en\/?s={search_term_string}\"},\"query-input\":{\"@type\":\"PropertyValueSpecification\",\"valueRequired\":true,\"valueName\":\"search_term_string\"}}],\"inLanguage\":\"en-US\"},{\"@type\":\"Organization\",\"@id\":\"https:\/\/shop.vintense.com\/en\/#organization\",\"name\":\"Vintense\",\"url\":\"https:\/\/shop.vintense.com\/en\/\",\"logo\":{\"@type\":\"ImageObject\",\"inLanguage\":\"en-US\",\"@id\":\"https:\/\/shop.vintense.com\/en\/#\/schema\/logo\/image\/\",\"url\":\"https:\/\/shop.vintense.com\/wp-content\/uploads\/2024\/03\/logo.svg\",\"contentUrl\":\"https:\/\/shop.vintense.com\/wp-content\/uploads\/2024\/03\/logo.svg\",\"width\":140,\"height\":70,\"caption\":\"Vintense\"},\"image\":{\"@id\":\"https:\/\/shop.vintense.com\/en\/#\/schema\/logo\/image\/\"},\"sameAs\":[\"https:\/\/www.facebook.com\/Vintense.be\",\"https:\/\/www.instagram.com\/vintense_0.0\/\",\"https:\/\/www.linkedin.com\/company\/vintense\/\",\"https:\/\/www.youtube.com\/@vintense-be\"]}]}<\/script>\n<meta property=\"product:price:amount\" content=\"7.99\" \/>\n<meta property=\"product:price:currency\" content=\"EUR\" \/>\n<meta property=\"og:availability\" content=\"instock\" \/>\n<meta property=\"product:availability\" content=\"instock\" \/>\n<meta property=\"product:retailer_item_id\" content=\"2003317-1\" \/>\n<meta property=\"product:condition\" content=\"new\" \/>\n<!-- \/ Yoast SEO plugin. -->","yoast_head_json":{"title":"Vintense Mocktail Spritz sans alcool 0.0% 3x20cl - Cocktail sans alcool","description":"\u00c0 base de vin effervescent d\u00e9salcoolis\u00e9 et d\u2019ar\u00f4mes d\u2019orange am\u00e8re, il est pr\u00eat \u00e0 boire, p\u00e9tillant et 100% festif.","robots":{"index":"index","follow":"follow","max-snippet":"max-snippet:-1","max-image-preview":"max-image-preview:large","max-video-preview":"max-video-preview:-1"},"canonical":"https:\/\/shop.vintense.com\/en\/boutique\/non-alcoholic-cocktail\/spritz-sans-alcool-3x20cl\/","og_locale":"en_US","og_type":"article","og_title":"Vintense Mocktail Spritz sans alcool 0.0% 3x20cl - Cocktail sans alcool","og_description":"\u00c0 base de vin effervescent d\u00e9salcoolis\u00e9 et d\u2019ar\u00f4mes d\u2019orange am\u00e8re, il est pr\u00eat \u00e0 boire, p\u00e9tillant et 100% festif.","og_url":"https:\/\/shop.vintense.com\/en\/boutique\/non-alcoholic-cocktail\/spritz-sans-alcool-3x20cl\/","og_site_name":"Vintense","article_publisher":"https:\/\/www.facebook.com\/Vintense.be","article_modified_time":"2025-11-04T11:46:26+00:00","og_image":[{"width":1500,"height":1500,"url":"https:\/\/shop.vintense.com\/wp-content\/uploads\/2025\/11\/pack-3-vintense-mocktail-spritz-min.jpg","type":"image\/jpeg"}],"twitter_card":"summary_large_image","twitter_misc":{"Price":"&euro;&nbsp;7,99","Availability":"In stock"},"schema":{"@context":"https:\/\/schema.org","@graph":[{"@type":"WebPage","@id":"https:\/\/shop.vintense.com\/en\/boutique\/non-alcoholic-cocktail\/spritz-sans-alcool-3x20cl\/","url":"https:\/\/shop.vintense.com\/en\/boutique\/non-alcoholic-cocktail\/spritz-sans-alcool-3x20cl\/","name":"Vintense Mocktail Spritz sans alcool 0.0% 3x20cl - Cocktail sans alcool","isPartOf":{"@id":"https:\/\/shop.vintense.com\/en\/#website"},"primaryImageOfPage":{"@id":"https:\/\/shop.vintense.com\/en\/boutique\/non-alcoholic-cocktail\/spritz-sans-alcool-3x20cl\/#primaryimage"},"image":{"@id":"https:\/\/shop.vintense.com\/en\/boutique\/non-alcoholic-cocktail\/spritz-sans-alcool-3x20cl\/#primaryimage"},"thumbnailUrl":"https:\/\/shop.vintense.com\/wp-content\/uploads\/2025\/11\/pack-3-vintense-mocktail-spritz-min.jpg","datePublished":"2025-11-04T11:44:34+00:00","dateModified":"2025-11-04T11:46:26+00:00","description":"\u00c0 base de vin effervescent d\u00e9salcoolis\u00e9 et d\u2019ar\u00f4mes d\u2019orange am\u00e8re, il est pr\u00eat \u00e0 boire, p\u00e9tillant et 100% festif.","breadcrumb":{"@id":"https:\/\/shop.vintense.com\/en\/boutique\/non-alcoholic-cocktail\/spritz-sans-alcool-3x20cl\/#breadcrumb"},"inLanguage":"en-US","potentialAction":[{"@type":"ReadAction","target":["https:\/\/shop.vintense.com\/en\/boutique\/non-alcoholic-cocktail\/spritz-sans-alcool-3x20cl\/"]}]},{"@type":"ImageObject","inLanguage":"en-US","@id":"https:\/\/shop.vintense.com\/en\/boutique\/non-alcoholic-cocktail\/spritz-sans-alcool-3x20cl\/#primaryimage","url":"https:\/\/shop.vintense.com\/wp-content\/uploads\/2025\/11\/pack-3-vintense-mocktail-spritz-min.jpg","contentUrl":"https:\/\/shop.vintense.com\/wp-content\/uploads\/2025\/11\/pack-3-vintense-mocktail-spritz-min.jpg","width":1500,"height":1500},{"@type":"BreadcrumbList","@id":"https:\/\/shop.vintense.com\/en\/boutique\/non-alcoholic-cocktail\/spritz-sans-alcool-3x20cl\/#breadcrumb","itemListElement":[{"@type":"ListItem","position":1,"name":"Accueil","item":"https:\/\/shop.vintense.com\/en\/"},{"@type":"ListItem","position":2,"name":"Shop","item":"https:\/\/shop.vintense.com\/boutique\/"},{"@type":"ListItem","position":3,"name":"Spritz sans alcool 0.0% 3x20cl"}]},{"@type":"WebSite","@id":"https:\/\/shop.vintense.com\/en\/#website","url":"https:\/\/shop.vintense.com\/en\/","name":"Vintense eShop","description":"Non-alcoholic wine - Buy online","publisher":{"@id":"https:\/\/shop.vintense.com\/en\/#organization"},"potentialAction":[{"@type":"SearchAction","target":{"@type":"EntryPoint","urlTemplate":"https:\/\/shop.vintense.com\/en\/?s={search_term_string}"},"query-input":{"@type":"PropertyValueSpecification","valueRequired":true,"valueName":"search_term_string"}}],"inLanguage":"en-US"},{"@type":"Organization","@id":"https:\/\/shop.vintense.com\/en\/#organization","name":"Vintense","url":"https:\/\/shop.vintense.com\/en\/","logo":{"@type":"ImageObject","inLanguage":"en-US","@id":"https:\/\/shop.vintense.com\/en\/#\/schema\/logo\/image\/","url":"https:\/\/shop.vintense.com\/wp-content\/uploads\/2024\/03\/logo.svg","contentUrl":"https:\/\/shop.vintense.com\/wp-content\/uploads\/2024\/03\/logo.svg","width":140,"height":70,"caption":"Vintense"},"image":{"@id":"https:\/\/shop.vintense.com\/en\/#\/schema\/logo\/image\/"},"sameAs":["https:\/\/www.facebook.com\/Vintense.be","https:\/\/www.instagram.com\/vintense_0.0\/","https:\/\/www.linkedin.com\/company\/vintense\/","https:\/\/www.youtube.com\/@vintense-be"]}]},"product_price_amount":"7.99","product_price_currency":"EUR","og_availability":"instock","product_availability":"instock","product_retailer_item_id":"2003317-1","product_condition":"new"},"_links":{"self":[{"href":"https:\/\/shop.vintense.com\/en\/wp-json\/wp\/v2\/product\/9319","targetHints":{"allow":["GET"]}}],"collection":[{"href":"https:\/\/shop.vintense.com\/en\/wp-json\/wp\/v2\/product"}],"about":[{"href":"https:\/\/shop.vintense.com\/en\/wp-json\/wp\/v2\/types\/product"}],"replies":[{"embeddable":true,"href":"https:\/\/shop.vintense.com\/en\/wp-json\/wp\/v2\/comments?post=9319"}],"wp:featuredmedia":[{"embeddable":true,"href":"https:\/\/shop.vintense.com\/en\/wp-json\/wp\/v2\/media\/9321"}],"wp:attachment":[{"href":"https:\/\/shop.vintense.com\/en\/wp-json\/wp\/v2\/media?parent=9319"}],"wp:term":[{"taxonomy":"product_cat","embeddable":true,"href":"https:\/\/shop.vintense.com\/en\/wp-json\/wp\/v2\/product_cat?post=9319"},{"taxonomy":"product_tag","embeddable":true,"href":"https:\/\/shop.vintense.com\/en\/wp-json\/wp\/v2\/product_tag?post=9319"}],"curies":[{"name":"wp","href":"https:\/\/api.w.org\/{rel}","templated":true}]}}