{"id":9313,"date":"2025-11-04T12:41:33","date_gmt":"2025-11-04T11:41:33","guid":{"rendered":"https:\/\/shop.vintense.com\/?post_type=product&#038;p=9313"},"modified":"2025-11-04T12:43:36","modified_gmt":"2025-11-04T11:43:36","slug":"mojito-sans-alcool-3x20cl","status":"publish","type":"product","link":"https:\/\/shop.vintense.com\/en\/boutique\/non-alcoholic-cocktail\/mojito-sans-alcool-3x20cl\/","title":{"rendered":"Mojito sans alcool 0.0% 3x20cl"},"content":{"rendered":"<h3>Mojito Vintense 20cl \u2013 Le mocktail sans alcool au peps irr\u00e9sistible<\/h3>\n<p>Embarquez pour un ap\u00e9ritif aux accents tropicaux avec le Mojito Vintense, une version 0.0% du cocktail culte, aussi d\u00e9salt\u00e9rante que festive. \u00c9labor\u00e9 \u00e0 base de vin effervescent d\u00e9salcoolis\u00e9, ce mocktail sans alcool capture l\u2019essence du Mojito avec ses notes vivifiantes de menthe fra\u00eeche et de citron vert.<\/p>\n<p>Servi bien frais, il vous transporte instantan\u00e9ment vers l\u2019ambiance conviviale des soir\u00e9es d\u2019\u00e9t\u00e9. Sa bulle fine, son \u00e9quilibre sucre\/acidit\u00e9 et son format 20cl individuel en font l\u2019alli\u00e9 id\u00e9al de vos moments de d\u00e9tente, sans compromis.<\/p>\n<h3>Mojito sans alcool pr\u00eat \u00e0 boire \u2013 l\u2019alternative parfaite<\/h3>\n<p>Ce cocktail sans alcool 0.0% est pr\u00eat \u00e0 d\u00e9guster : pas besoin de shaker, de rhum ou de mixer ! Sa recette est pens\u00e9e pour convenir \u00e0 tous ceux qui souhaitent trinquer sans alcool, mais avec tout le plaisir du go\u00fbt et de la fra\u00eecheur.<\/p>\n","protected":false},"excerpt":{"rendered":"<p>Red\u00e9couvrez le c\u00e9l\u00e8bre cocktail cubain en version 0.0%. Le <strong>Mojito Vintense 20cl<\/strong> est un mocktail p\u00e9tillant sans alcool \u00e0 base de vin d\u00e9salcoolis\u00e9, relev\u00e9 de menthe fra\u00eeche et citron vert. Rafra\u00eechissant, pr\u00eat \u00e0 boire, et 100% festif.<\/p>\n","protected":false},"featured_media":9315,"comment_status":"closed","ping_status":"closed","template":"","meta":{"inline_featured_image":false},"product_cat":[125],"product_tag":[],"class_list":{"0":"post-9313","1":"product","2":"type-product","3":"status-publish","4":"has-post-thumbnail","6":"product_brand-mocktail","7":"product_cat-cocktail-sans-alcool","9":"first","10":"instock","11":"shipping-taxable","12":"purchasable","13":"product-type-simple"},"yoast_head":"<!-- This site is optimized with the Yoast SEO plugin v27.0 - https:\/\/yoast.com\/product\/yoast-seo-wordpress\/ -->\n<title>Vintense Mocktail Mojito sans alcool 0.0% 3x20cl - Cocktail sans alcool<\/title>\n<meta name=\"description\" content=\"Le Mojito Vintense 20cl est un mocktail p\u00e9tillant sans alcool \u00e0 base de vin d\u00e9salcoolis\u00e9, relev\u00e9 de menthe fra\u00eeche et citron vert.\" \/>\n<meta name=\"robots\" content=\"index, follow, max-snippet:-1, max-image-preview:large, max-video-preview:-1\" \/>\n<link rel=\"canonical\" href=\"https:\/\/shop.vintense.com\/en\/boutique\/non-alcoholic-cocktail\/mojito-sans-alcool-3x20cl\/\" \/>\n<meta property=\"og:locale\" content=\"en_US\" \/>\n<meta property=\"og:type\" content=\"article\" \/>\n<meta property=\"og:title\" content=\"Vintense Mocktail Mojito sans alcool 0.0% 3x20cl - Cocktail sans alcool\" \/>\n<meta property=\"og:description\" content=\"Le Mojito Vintense 20cl est un mocktail p\u00e9tillant sans alcool \u00e0 base de vin d\u00e9salcoolis\u00e9, relev\u00e9 de menthe fra\u00eeche et citron vert.\" \/>\n<meta property=\"og:url\" content=\"https:\/\/shop.vintense.com\/en\/boutique\/non-alcoholic-cocktail\/mojito-sans-alcool-3x20cl\/\" \/>\n<meta property=\"og:site_name\" content=\"Vintense\" \/>\n<meta property=\"article:publisher\" content=\"https:\/\/www.facebook.com\/Vintense.be\" \/>\n<meta property=\"article:modified_time\" content=\"2025-11-04T11:43:36+00:00\" \/>\n<meta property=\"og:image\" content=\"https:\/\/shop.vintense.com\/wp-content\/uploads\/2025\/11\/pack-3-vintense-mocktail-mojito-min.jpg\" \/>\n\t<meta property=\"og:image:width\" content=\"1500\" \/>\n\t<meta property=\"og:image:height\" content=\"1500\" \/>\n\t<meta property=\"og:image:type\" content=\"image\/jpeg\" \/>\n<meta name=\"twitter:card\" content=\"summary_large_image\" \/>\n<meta name=\"twitter:label1\" content=\"Price\" \/>\n\t<meta name=\"twitter:data1\" content=\"&euro;&nbsp;7,99\" \/>\n\t<meta name=\"twitter:label2\" content=\"Availability\" \/>\n\t<meta name=\"twitter:data2\" content=\"In stock\" \/>\n<script type=\"application\/ld+json\" class=\"yoast-schema-graph\">{\"@context\":\"https:\/\/schema.org\",\"@graph\":[{\"@type\":\"WebPage\",\"@id\":\"https:\/\/shop.vintense.com\/en\/boutique\/non-alcoholic-cocktail\/mojito-sans-alcool-3x20cl\/\",\"url\":\"https:\/\/shop.vintense.com\/en\/boutique\/non-alcoholic-cocktail\/mojito-sans-alcool-3x20cl\/\",\"name\":\"Vintense Mocktail Mojito sans alcool 0.0% 3x20cl - Cocktail sans alcool\",\"isPartOf\":{\"@id\":\"https:\/\/shop.vintense.com\/en\/#website\"},\"primaryImageOfPage\":{\"@id\":\"https:\/\/shop.vintense.com\/en\/boutique\/non-alcoholic-cocktail\/mojito-sans-alcool-3x20cl\/#primaryimage\"},\"image\":{\"@id\":\"https:\/\/shop.vintense.com\/en\/boutique\/non-alcoholic-cocktail\/mojito-sans-alcool-3x20cl\/#primaryimage\"},\"thumbnailUrl\":\"https:\/\/shop.vintense.com\/wp-content\/uploads\/2025\/11\/pack-3-vintense-mocktail-mojito-min.jpg\",\"datePublished\":\"2025-11-04T11:41:33+00:00\",\"dateModified\":\"2025-11-04T11:43:36+00:00\",\"description\":\"Le Mojito Vintense 20cl est un mocktail p\u00e9tillant sans alcool \u00e0 base de vin d\u00e9salcoolis\u00e9, relev\u00e9 de menthe fra\u00eeche et citron vert.\",\"breadcrumb\":{\"@id\":\"https:\/\/shop.vintense.com\/en\/boutique\/non-alcoholic-cocktail\/mojito-sans-alcool-3x20cl\/#breadcrumb\"},\"inLanguage\":\"en-US\",\"potentialAction\":[{\"@type\":\"ReadAction\",\"target\":[\"https:\/\/shop.vintense.com\/en\/boutique\/non-alcoholic-cocktail\/mojito-sans-alcool-3x20cl\/\"]}]},{\"@type\":\"ImageObject\",\"inLanguage\":\"en-US\",\"@id\":\"https:\/\/shop.vintense.com\/en\/boutique\/non-alcoholic-cocktail\/mojito-sans-alcool-3x20cl\/#primaryimage\",\"url\":\"https:\/\/shop.vintense.com\/wp-content\/uploads\/2025\/11\/pack-3-vintense-mocktail-mojito-min.jpg\",\"contentUrl\":\"https:\/\/shop.vintense.com\/wp-content\/uploads\/2025\/11\/pack-3-vintense-mocktail-mojito-min.jpg\",\"width\":1500,\"height\":1500},{\"@type\":\"BreadcrumbList\",\"@id\":\"https:\/\/shop.vintense.com\/en\/boutique\/non-alcoholic-cocktail\/mojito-sans-alcool-3x20cl\/#breadcrumb\",\"itemListElement\":[{\"@type\":\"ListItem\",\"position\":1,\"name\":\"Accueil\",\"item\":\"https:\/\/shop.vintense.com\/en\/\"},{\"@type\":\"ListItem\",\"position\":2,\"name\":\"Shop\",\"item\":\"https:\/\/shop.vintense.com\/boutique\/\"},{\"@type\":\"ListItem\",\"position\":3,\"name\":\"Mojito sans alcool 0.0% 3x20cl\"}]},{\"@type\":\"WebSite\",\"@id\":\"https:\/\/shop.vintense.com\/en\/#website\",\"url\":\"https:\/\/shop.vintense.com\/en\/\",\"name\":\"Vintense eShop\",\"description\":\"Non-alcoholic wine - Buy online\",\"publisher\":{\"@id\":\"https:\/\/shop.vintense.com\/en\/#organization\"},\"potentialAction\":[{\"@type\":\"SearchAction\",\"target\":{\"@type\":\"EntryPoint\",\"urlTemplate\":\"https:\/\/shop.vintense.com\/en\/?s={search_term_string}\"},\"query-input\":{\"@type\":\"PropertyValueSpecification\",\"valueRequired\":true,\"valueName\":\"search_term_string\"}}],\"inLanguage\":\"en-US\"},{\"@type\":\"Organization\",\"@id\":\"https:\/\/shop.vintense.com\/en\/#organization\",\"name\":\"Vintense\",\"url\":\"https:\/\/shop.vintense.com\/en\/\",\"logo\":{\"@type\":\"ImageObject\",\"inLanguage\":\"en-US\",\"@id\":\"https:\/\/shop.vintense.com\/en\/#\/schema\/logo\/image\/\",\"url\":\"https:\/\/shop.vintense.com\/wp-content\/uploads\/2024\/03\/logo.svg\",\"contentUrl\":\"https:\/\/shop.vintense.com\/wp-content\/uploads\/2024\/03\/logo.svg\",\"width\":140,\"height\":70,\"caption\":\"Vintense\"},\"image\":{\"@id\":\"https:\/\/shop.vintense.com\/en\/#\/schema\/logo\/image\/\"},\"sameAs\":[\"https:\/\/www.facebook.com\/Vintense.be\",\"https:\/\/www.instagram.com\/vintense_0.0\/\",\"https:\/\/www.linkedin.com\/company\/vintense\/\",\"https:\/\/www.youtube.com\/@vintense-be\"]}]}<\/script>\n<meta property=\"product:price:amount\" content=\"7.99\" \/>\n<meta property=\"product:price:currency\" content=\"EUR\" \/>\n<meta property=\"og:availability\" content=\"instock\" \/>\n<meta property=\"product:availability\" content=\"instock\" \/>\n<meta property=\"product:retailer_item_id\" content=\"2003320-1\" \/>\n<meta property=\"product:condition\" content=\"new\" \/>\n<!-- \/ Yoast SEO plugin. -->","yoast_head_json":{"title":"Vintense Mocktail Mojito sans alcool 0.0% 3x20cl - Cocktail sans alcool","description":"Le Mojito Vintense 20cl est un mocktail p\u00e9tillant sans alcool \u00e0 base de vin d\u00e9salcoolis\u00e9, relev\u00e9 de menthe fra\u00eeche et citron vert.","robots":{"index":"index","follow":"follow","max-snippet":"max-snippet:-1","max-image-preview":"max-image-preview:large","max-video-preview":"max-video-preview:-1"},"canonical":"https:\/\/shop.vintense.com\/en\/boutique\/non-alcoholic-cocktail\/mojito-sans-alcool-3x20cl\/","og_locale":"en_US","og_type":"article","og_title":"Vintense Mocktail Mojito sans alcool 0.0% 3x20cl - Cocktail sans alcool","og_description":"Le Mojito Vintense 20cl est un mocktail p\u00e9tillant sans alcool \u00e0 base de vin d\u00e9salcoolis\u00e9, relev\u00e9 de menthe fra\u00eeche et citron vert.","og_url":"https:\/\/shop.vintense.com\/en\/boutique\/non-alcoholic-cocktail\/mojito-sans-alcool-3x20cl\/","og_site_name":"Vintense","article_publisher":"https:\/\/www.facebook.com\/Vintense.be","article_modified_time":"2025-11-04T11:43:36+00:00","og_image":[{"width":1500,"height":1500,"url":"https:\/\/shop.vintense.com\/wp-content\/uploads\/2025\/11\/pack-3-vintense-mocktail-mojito-min.jpg","type":"image\/jpeg"}],"twitter_card":"summary_large_image","twitter_misc":{"Price":"&euro;&nbsp;7,99","Availability":"In stock"},"schema":{"@context":"https:\/\/schema.org","@graph":[{"@type":"WebPage","@id":"https:\/\/shop.vintense.com\/en\/boutique\/non-alcoholic-cocktail\/mojito-sans-alcool-3x20cl\/","url":"https:\/\/shop.vintense.com\/en\/boutique\/non-alcoholic-cocktail\/mojito-sans-alcool-3x20cl\/","name":"Vintense Mocktail Mojito sans alcool 0.0% 3x20cl - Cocktail sans alcool","isPartOf":{"@id":"https:\/\/shop.vintense.com\/en\/#website"},"primaryImageOfPage":{"@id":"https:\/\/shop.vintense.com\/en\/boutique\/non-alcoholic-cocktail\/mojito-sans-alcool-3x20cl\/#primaryimage"},"image":{"@id":"https:\/\/shop.vintense.com\/en\/boutique\/non-alcoholic-cocktail\/mojito-sans-alcool-3x20cl\/#primaryimage"},"thumbnailUrl":"https:\/\/shop.vintense.com\/wp-content\/uploads\/2025\/11\/pack-3-vintense-mocktail-mojito-min.jpg","datePublished":"2025-11-04T11:41:33+00:00","dateModified":"2025-11-04T11:43:36+00:00","description":"Le Mojito Vintense 20cl est un mocktail p\u00e9tillant sans alcool \u00e0 base de vin d\u00e9salcoolis\u00e9, relev\u00e9 de menthe fra\u00eeche et citron vert.","breadcrumb":{"@id":"https:\/\/shop.vintense.com\/en\/boutique\/non-alcoholic-cocktail\/mojito-sans-alcool-3x20cl\/#breadcrumb"},"inLanguage":"en-US","potentialAction":[{"@type":"ReadAction","target":["https:\/\/shop.vintense.com\/en\/boutique\/non-alcoholic-cocktail\/mojito-sans-alcool-3x20cl\/"]}]},{"@type":"ImageObject","inLanguage":"en-US","@id":"https:\/\/shop.vintense.com\/en\/boutique\/non-alcoholic-cocktail\/mojito-sans-alcool-3x20cl\/#primaryimage","url":"https:\/\/shop.vintense.com\/wp-content\/uploads\/2025\/11\/pack-3-vintense-mocktail-mojito-min.jpg","contentUrl":"https:\/\/shop.vintense.com\/wp-content\/uploads\/2025\/11\/pack-3-vintense-mocktail-mojito-min.jpg","width":1500,"height":1500},{"@type":"BreadcrumbList","@id":"https:\/\/shop.vintense.com\/en\/boutique\/non-alcoholic-cocktail\/mojito-sans-alcool-3x20cl\/#breadcrumb","itemListElement":[{"@type":"ListItem","position":1,"name":"Accueil","item":"https:\/\/shop.vintense.com\/en\/"},{"@type":"ListItem","position":2,"name":"Shop","item":"https:\/\/shop.vintense.com\/boutique\/"},{"@type":"ListItem","position":3,"name":"Mojito sans alcool 0.0% 3x20cl"}]},{"@type":"WebSite","@id":"https:\/\/shop.vintense.com\/en\/#website","url":"https:\/\/shop.vintense.com\/en\/","name":"Vintense eShop","description":"Non-alcoholic wine - Buy online","publisher":{"@id":"https:\/\/shop.vintense.com\/en\/#organization"},"potentialAction":[{"@type":"SearchAction","target":{"@type":"EntryPoint","urlTemplate":"https:\/\/shop.vintense.com\/en\/?s={search_term_string}"},"query-input":{"@type":"PropertyValueSpecification","valueRequired":true,"valueName":"search_term_string"}}],"inLanguage":"en-US"},{"@type":"Organization","@id":"https:\/\/shop.vintense.com\/en\/#organization","name":"Vintense","url":"https:\/\/shop.vintense.com\/en\/","logo":{"@type":"ImageObject","inLanguage":"en-US","@id":"https:\/\/shop.vintense.com\/en\/#\/schema\/logo\/image\/","url":"https:\/\/shop.vintense.com\/wp-content\/uploads\/2024\/03\/logo.svg","contentUrl":"https:\/\/shop.vintense.com\/wp-content\/uploads\/2024\/03\/logo.svg","width":140,"height":70,"caption":"Vintense"},"image":{"@id":"https:\/\/shop.vintense.com\/en\/#\/schema\/logo\/image\/"},"sameAs":["https:\/\/www.facebook.com\/Vintense.be","https:\/\/www.instagram.com\/vintense_0.0\/","https:\/\/www.linkedin.com\/company\/vintense\/","https:\/\/www.youtube.com\/@vintense-be"]}]},"product_price_amount":"7.99","product_price_currency":"EUR","og_availability":"instock","product_availability":"instock","product_retailer_item_id":"2003320-1","product_condition":"new"},"_links":{"self":[{"href":"https:\/\/shop.vintense.com\/en\/wp-json\/wp\/v2\/product\/9313","targetHints":{"allow":["GET"]}}],"collection":[{"href":"https:\/\/shop.vintense.com\/en\/wp-json\/wp\/v2\/product"}],"about":[{"href":"https:\/\/shop.vintense.com\/en\/wp-json\/wp\/v2\/types\/product"}],"replies":[{"embeddable":true,"href":"https:\/\/shop.vintense.com\/en\/wp-json\/wp\/v2\/comments?post=9313"}],"wp:featuredmedia":[{"embeddable":true,"href":"https:\/\/shop.vintense.com\/en\/wp-json\/wp\/v2\/media\/9315"}],"wp:attachment":[{"href":"https:\/\/shop.vintense.com\/en\/wp-json\/wp\/v2\/media?parent=9313"}],"wp:term":[{"taxonomy":"product_cat","embeddable":true,"href":"https:\/\/shop.vintense.com\/en\/wp-json\/wp\/v2\/product_cat?post=9313"},{"taxonomy":"product_tag","embeddable":true,"href":"https:\/\/shop.vintense.com\/en\/wp-json\/wp\/v2\/product_tag?post=9313"}],"curies":[{"name":"wp","href":"https:\/\/api.w.org\/{rel}","templated":true}]}}