{"id":9303,"date":"2025-11-04T12:19:17","date_gmt":"2025-11-04T11:19:17","guid":{"rendered":"https:\/\/shop.vintense.com\/?post_type=product&#038;p=9303"},"modified":"2026-01-16T11:26:56","modified_gmt":"2026-01-16T10:26:56","slug":"bellini-sans-alcool-3x20cl","status":"publish","type":"product","link":"https:\/\/shop.vintense.com\/en\/boutique\/non-alcoholic-cocktail\/bellini-sans-alcool-3x20cl\/","title":{"rendered":"Bellini sans alcool 0.0% 3x20cl"},"content":{"rendered":"<h3>Bellini Vintense 20cl \u2013 Le mocktail sans alcool pr\u00eat \u00e0 p\u00e9tiller<\/h3>\n<p>D\u00e9couvrez le <strong>Bellini sans alcoo<\/strong>l Vintense, une version raffin\u00e9e et sans compromis de ce grand classique de l\u2019ap\u00e9ritif italien. \u00c0 base de vin effervescent d\u00e9salcoolis\u00e9 0.0%, ce mocktail m\u00eale la fra\u00eecheur des bulles \u00e0 la douceur fruit\u00e9e de la p\u00eache blanche pour un rendu aussi gourmand que l\u00e9ger.<\/p>\n<p>Son format 20cl le rend parfait pour une consommation individuelle, \u00e0 emporter ou \u00e0 servir \u00e0 vos invit\u00e9s lors d\u2019un \u00e9v\u00e9nement. Pr\u00eat \u00e0 boire, sans ajout d\u2019eau sucr\u00e9e, le Bellini Vintense est \u00e9labor\u00e9 \u00e0 partir de vrais raisins vinifi\u00e9s puis d\u00e9salcoolis\u00e9s dans le respect du go\u00fbt et du savoir-faire de la Maison 1895.<\/p>\n<h3>Une alternative chic et sans alcool<\/h3>\n<p>Que vous soyez enceinte, sobre-curieux, conducteur ou simplement en qu\u00eate de l\u00e9g\u00e8ret\u00e9, ce mocktail sans alcool 0.0% offre tout le plaisir du cocktail \u2013 sans l\u2019alcool, sans conservateurs, sans compromis.<\/p>\n","protected":false},"excerpt":{"rendered":"<p>Le <strong>Bellini Vintense<\/strong> en format 20cl est un mocktail p\u00e9tillant sans alcool \u00e0 base de vin d\u00e9salcoolis\u00e9, mariant d\u00e9licatement <strong>la douceur de la p\u00eache \u00e0 la finesse des bulles<\/strong>. Une alternative festive, l\u00e9g\u00e8re et gourmande pour vos ap\u00e9ritifs sans alcool.<\/p>\n","protected":false},"featured_media":9305,"comment_status":"closed","ping_status":"closed","template":"","meta":{"inline_featured_image":false},"product_cat":[125],"product_tag":[],"class_list":{"0":"post-9303","1":"product","2":"type-product","3":"status-publish","4":"has-post-thumbnail","6":"product_brand-mocktail","7":"product_cat-cocktail-sans-alcool","9":"first","10":"instock","11":"shipping-taxable","12":"purchasable","13":"product-type-simple"},"yoast_head":"<!-- This site is optimized with the Yoast SEO plugin v27.0 - https:\/\/yoast.com\/product\/yoast-seo-wordpress\/ -->\n<title>Vintense Mocktail Bellini sans alcool 0.0% 3x20cl - Cocktail sans alcool<\/title>\n<meta name=\"robots\" content=\"index, follow, max-snippet:-1, max-image-preview:large, max-video-preview:-1\" \/>\n<link rel=\"canonical\" href=\"https:\/\/shop.vintense.com\/en\/boutique\/non-alcoholic-cocktail\/bellini-sans-alcool-3x20cl\/\" \/>\n<meta property=\"og:locale\" content=\"en_US\" \/>\n<meta property=\"og:type\" content=\"article\" \/>\n<meta property=\"og:title\" content=\"Vintense Mocktail Bellini sans alcool 0.0% 3x20cl - Cocktail sans alcool\" \/>\n<meta property=\"og:description\" content=\"Le Bellini Vintense en format 20cl est un mocktail p\u00e9tillant sans alcool \u00e0 base de vin d\u00e9salcoolis\u00e9, mariant d\u00e9licatement la douceur de la p\u00eache \u00e0 la finesse des bulles. Une alternative festive, l\u00e9g\u00e8re et gourmande pour vos ap\u00e9ritifs sans alcool.\" \/>\n<meta property=\"og:url\" content=\"https:\/\/shop.vintense.com\/en\/boutique\/non-alcoholic-cocktail\/bellini-sans-alcool-3x20cl\/\" \/>\n<meta property=\"og:site_name\" content=\"Vintense\" \/>\n<meta property=\"article:publisher\" content=\"https:\/\/www.facebook.com\/Vintense.be\" \/>\n<meta property=\"article:modified_time\" content=\"2026-01-16T10:26:56+00:00\" \/>\n<meta property=\"og:image\" content=\"https:\/\/shop.vintense.com\/wp-content\/uploads\/2025\/11\/pack-3-vintense-mocktail-bellini-min.jpg\" \/>\n\t<meta property=\"og:image:width\" content=\"1500\" \/>\n\t<meta property=\"og:image:height\" content=\"1500\" \/>\n\t<meta property=\"og:image:type\" content=\"image\/jpeg\" \/>\n<meta name=\"twitter:card\" content=\"summary_large_image\" \/>\n<meta name=\"twitter:label1\" content=\"Price\" \/>\n\t<meta name=\"twitter:data1\" content=\"&euro;&nbsp;7,99\" \/>\n\t<meta name=\"twitter:label2\" content=\"Availability\" \/>\n\t<meta name=\"twitter:data2\" content=\"In stock\" \/>\n<script type=\"application\/ld+json\" class=\"yoast-schema-graph\">{\"@context\":\"https:\/\/schema.org\",\"@graph\":[{\"@type\":\"WebPage\",\"@id\":\"https:\/\/shop.vintense.com\/en\/boutique\/non-alcoholic-cocktail\/bellini-sans-alcool-3x20cl\/\",\"url\":\"https:\/\/shop.vintense.com\/en\/boutique\/non-alcoholic-cocktail\/bellini-sans-alcool-3x20cl\/\",\"name\":\"Vintense Mocktail Bellini sans alcool 0.0% 3x20cl - Cocktail sans alcool\",\"isPartOf\":{\"@id\":\"https:\/\/shop.vintense.com\/en\/#website\"},\"primaryImageOfPage\":{\"@id\":\"https:\/\/shop.vintense.com\/en\/boutique\/non-alcoholic-cocktail\/bellini-sans-alcool-3x20cl\/#primaryimage\"},\"image\":{\"@id\":\"https:\/\/shop.vintense.com\/en\/boutique\/non-alcoholic-cocktail\/bellini-sans-alcool-3x20cl\/#primaryimage\"},\"thumbnailUrl\":\"https:\/\/shop.vintense.com\/wp-content\/uploads\/2025\/11\/pack-3-vintense-mocktail-bellini-min.jpg\",\"datePublished\":\"2025-11-04T11:19:17+00:00\",\"dateModified\":\"2026-01-16T10:26:56+00:00\",\"breadcrumb\":{\"@id\":\"https:\/\/shop.vintense.com\/en\/boutique\/non-alcoholic-cocktail\/bellini-sans-alcool-3x20cl\/#breadcrumb\"},\"inLanguage\":\"en-US\",\"potentialAction\":[{\"@type\":\"ReadAction\",\"target\":[\"https:\/\/shop.vintense.com\/en\/boutique\/non-alcoholic-cocktail\/bellini-sans-alcool-3x20cl\/\"]}]},{\"@type\":\"ImageObject\",\"inLanguage\":\"en-US\",\"@id\":\"https:\/\/shop.vintense.com\/en\/boutique\/non-alcoholic-cocktail\/bellini-sans-alcool-3x20cl\/#primaryimage\",\"url\":\"https:\/\/shop.vintense.com\/wp-content\/uploads\/2025\/11\/pack-3-vintense-mocktail-bellini-min.jpg\",\"contentUrl\":\"https:\/\/shop.vintense.com\/wp-content\/uploads\/2025\/11\/pack-3-vintense-mocktail-bellini-min.jpg\",\"width\":1500,\"height\":1500},{\"@type\":\"BreadcrumbList\",\"@id\":\"https:\/\/shop.vintense.com\/en\/boutique\/non-alcoholic-cocktail\/bellini-sans-alcool-3x20cl\/#breadcrumb\",\"itemListElement\":[{\"@type\":\"ListItem\",\"position\":1,\"name\":\"Accueil\",\"item\":\"https:\/\/shop.vintense.com\/en\/\"},{\"@type\":\"ListItem\",\"position\":2,\"name\":\"Shop\",\"item\":\"https:\/\/shop.vintense.com\/boutique\/\"},{\"@type\":\"ListItem\",\"position\":3,\"name\":\"Bellini sans alcool 0.0% 3x20cl\"}]},{\"@type\":\"WebSite\",\"@id\":\"https:\/\/shop.vintense.com\/en\/#website\",\"url\":\"https:\/\/shop.vintense.com\/en\/\",\"name\":\"Vintense eShop\",\"description\":\"Non-alcoholic wine - Buy online\",\"publisher\":{\"@id\":\"https:\/\/shop.vintense.com\/en\/#organization\"},\"potentialAction\":[{\"@type\":\"SearchAction\",\"target\":{\"@type\":\"EntryPoint\",\"urlTemplate\":\"https:\/\/shop.vintense.com\/en\/?s={search_term_string}\"},\"query-input\":{\"@type\":\"PropertyValueSpecification\",\"valueRequired\":true,\"valueName\":\"search_term_string\"}}],\"inLanguage\":\"en-US\"},{\"@type\":\"Organization\",\"@id\":\"https:\/\/shop.vintense.com\/en\/#organization\",\"name\":\"Vintense\",\"url\":\"https:\/\/shop.vintense.com\/en\/\",\"logo\":{\"@type\":\"ImageObject\",\"inLanguage\":\"en-US\",\"@id\":\"https:\/\/shop.vintense.com\/en\/#\/schema\/logo\/image\/\",\"url\":\"https:\/\/shop.vintense.com\/wp-content\/uploads\/2024\/03\/logo.svg\",\"contentUrl\":\"https:\/\/shop.vintense.com\/wp-content\/uploads\/2024\/03\/logo.svg\",\"width\":140,\"height\":70,\"caption\":\"Vintense\"},\"image\":{\"@id\":\"https:\/\/shop.vintense.com\/en\/#\/schema\/logo\/image\/\"},\"sameAs\":[\"https:\/\/www.facebook.com\/Vintense.be\",\"https:\/\/www.instagram.com\/vintense_0.0\/\",\"https:\/\/www.linkedin.com\/company\/vintense\/\",\"https:\/\/www.youtube.com\/@vintense-be\"]}]}<\/script>\n<meta property=\"product:price:amount\" content=\"7.99\" \/>\n<meta property=\"product:price:currency\" content=\"EUR\" \/>\n<meta property=\"og:availability\" content=\"instock\" \/>\n<meta property=\"product:availability\" content=\"instock\" \/>\n<meta property=\"product:retailer_item_id\" content=\"2003318-1\" \/>\n<meta property=\"product:condition\" content=\"new\" \/>\n<!-- \/ Yoast SEO plugin. -->","yoast_head_json":{"title":"Vintense Mocktail Bellini sans alcool 0.0% 3x20cl - Cocktail sans alcool","robots":{"index":"index","follow":"follow","max-snippet":"max-snippet:-1","max-image-preview":"max-image-preview:large","max-video-preview":"max-video-preview:-1"},"canonical":"https:\/\/shop.vintense.com\/en\/boutique\/non-alcoholic-cocktail\/bellini-sans-alcool-3x20cl\/","og_locale":"en_US","og_type":"article","og_title":"Vintense Mocktail Bellini sans alcool 0.0% 3x20cl - Cocktail sans alcool","og_description":"Le Bellini Vintense en format 20cl est un mocktail p\u00e9tillant sans alcool \u00e0 base de vin d\u00e9salcoolis\u00e9, mariant d\u00e9licatement la douceur de la p\u00eache \u00e0 la finesse des bulles. Une alternative festive, l\u00e9g\u00e8re et gourmande pour vos ap\u00e9ritifs sans alcool.","og_url":"https:\/\/shop.vintense.com\/en\/boutique\/non-alcoholic-cocktail\/bellini-sans-alcool-3x20cl\/","og_site_name":"Vintense","article_publisher":"https:\/\/www.facebook.com\/Vintense.be","article_modified_time":"2026-01-16T10:26:56+00:00","og_image":[{"width":1500,"height":1500,"url":"https:\/\/shop.vintense.com\/wp-content\/uploads\/2025\/11\/pack-3-vintense-mocktail-bellini-min.jpg","type":"image\/jpeg"}],"twitter_card":"summary_large_image","twitter_misc":{"Price":"&euro;&nbsp;7,99","Availability":"In stock"},"schema":{"@context":"https:\/\/schema.org","@graph":[{"@type":"WebPage","@id":"https:\/\/shop.vintense.com\/en\/boutique\/non-alcoholic-cocktail\/bellini-sans-alcool-3x20cl\/","url":"https:\/\/shop.vintense.com\/en\/boutique\/non-alcoholic-cocktail\/bellini-sans-alcool-3x20cl\/","name":"Vintense Mocktail Bellini sans alcool 0.0% 3x20cl - Cocktail sans alcool","isPartOf":{"@id":"https:\/\/shop.vintense.com\/en\/#website"},"primaryImageOfPage":{"@id":"https:\/\/shop.vintense.com\/en\/boutique\/non-alcoholic-cocktail\/bellini-sans-alcool-3x20cl\/#primaryimage"},"image":{"@id":"https:\/\/shop.vintense.com\/en\/boutique\/non-alcoholic-cocktail\/bellini-sans-alcool-3x20cl\/#primaryimage"},"thumbnailUrl":"https:\/\/shop.vintense.com\/wp-content\/uploads\/2025\/11\/pack-3-vintense-mocktail-bellini-min.jpg","datePublished":"2025-11-04T11:19:17+00:00","dateModified":"2026-01-16T10:26:56+00:00","breadcrumb":{"@id":"https:\/\/shop.vintense.com\/en\/boutique\/non-alcoholic-cocktail\/bellini-sans-alcool-3x20cl\/#breadcrumb"},"inLanguage":"en-US","potentialAction":[{"@type":"ReadAction","target":["https:\/\/shop.vintense.com\/en\/boutique\/non-alcoholic-cocktail\/bellini-sans-alcool-3x20cl\/"]}]},{"@type":"ImageObject","inLanguage":"en-US","@id":"https:\/\/shop.vintense.com\/en\/boutique\/non-alcoholic-cocktail\/bellini-sans-alcool-3x20cl\/#primaryimage","url":"https:\/\/shop.vintense.com\/wp-content\/uploads\/2025\/11\/pack-3-vintense-mocktail-bellini-min.jpg","contentUrl":"https:\/\/shop.vintense.com\/wp-content\/uploads\/2025\/11\/pack-3-vintense-mocktail-bellini-min.jpg","width":1500,"height":1500},{"@type":"BreadcrumbList","@id":"https:\/\/shop.vintense.com\/en\/boutique\/non-alcoholic-cocktail\/bellini-sans-alcool-3x20cl\/#breadcrumb","itemListElement":[{"@type":"ListItem","position":1,"name":"Accueil","item":"https:\/\/shop.vintense.com\/en\/"},{"@type":"ListItem","position":2,"name":"Shop","item":"https:\/\/shop.vintense.com\/boutique\/"},{"@type":"ListItem","position":3,"name":"Bellini sans alcool 0.0% 3x20cl"}]},{"@type":"WebSite","@id":"https:\/\/shop.vintense.com\/en\/#website","url":"https:\/\/shop.vintense.com\/en\/","name":"Vintense eShop","description":"Non-alcoholic wine - Buy online","publisher":{"@id":"https:\/\/shop.vintense.com\/en\/#organization"},"potentialAction":[{"@type":"SearchAction","target":{"@type":"EntryPoint","urlTemplate":"https:\/\/shop.vintense.com\/en\/?s={search_term_string}"},"query-input":{"@type":"PropertyValueSpecification","valueRequired":true,"valueName":"search_term_string"}}],"inLanguage":"en-US"},{"@type":"Organization","@id":"https:\/\/shop.vintense.com\/en\/#organization","name":"Vintense","url":"https:\/\/shop.vintense.com\/en\/","logo":{"@type":"ImageObject","inLanguage":"en-US","@id":"https:\/\/shop.vintense.com\/en\/#\/schema\/logo\/image\/","url":"https:\/\/shop.vintense.com\/wp-content\/uploads\/2024\/03\/logo.svg","contentUrl":"https:\/\/shop.vintense.com\/wp-content\/uploads\/2024\/03\/logo.svg","width":140,"height":70,"caption":"Vintense"},"image":{"@id":"https:\/\/shop.vintense.com\/en\/#\/schema\/logo\/image\/"},"sameAs":["https:\/\/www.facebook.com\/Vintense.be","https:\/\/www.instagram.com\/vintense_0.0\/","https:\/\/www.linkedin.com\/company\/vintense\/","https:\/\/www.youtube.com\/@vintense-be"]}]},"product_price_amount":"7.99","product_price_currency":"EUR","og_availability":"instock","product_availability":"instock","product_retailer_item_id":"2003318-1","product_condition":"new"},"_links":{"self":[{"href":"https:\/\/shop.vintense.com\/en\/wp-json\/wp\/v2\/product\/9303","targetHints":{"allow":["GET"]}}],"collection":[{"href":"https:\/\/shop.vintense.com\/en\/wp-json\/wp\/v2\/product"}],"about":[{"href":"https:\/\/shop.vintense.com\/en\/wp-json\/wp\/v2\/types\/product"}],"replies":[{"embeddable":true,"href":"https:\/\/shop.vintense.com\/en\/wp-json\/wp\/v2\/comments?post=9303"}],"wp:featuredmedia":[{"embeddable":true,"href":"https:\/\/shop.vintense.com\/en\/wp-json\/wp\/v2\/media\/9305"}],"wp:attachment":[{"href":"https:\/\/shop.vintense.com\/en\/wp-json\/wp\/v2\/media?parent=9303"}],"wp:term":[{"taxonomy":"product_cat","embeddable":true,"href":"https:\/\/shop.vintense.com\/en\/wp-json\/wp\/v2\/product_cat?post=9303"},{"taxonomy":"product_tag","embeddable":true,"href":"https:\/\/shop.vintense.com\/en\/wp-json\/wp\/v2\/product_tag?post=9303"}],"curies":[{"name":"wp","href":"https:\/\/api.w.org\/{rel}","templated":true}]}}