{"id":8940,"date":"2025-07-03T17:05:32","date_gmt":"2025-07-03T15:05:32","guid":{"rendered":"https:\/\/shop.vintense.com\/?post_type=product&#038;p=8940"},"modified":"2026-01-06T11:38:09","modified_gmt":"2026-01-06T10:38:09","slug":"pack-mocktails-5x20cl","status":"publish","type":"product","link":"https:\/\/shop.vintense.com\/en\/boutique\/pack-box\/pack-mocktails-5x20cl\/","title":{"rendered":"Pack Mocktails 0.0% 5x20cl"},"content":{"rendered":"<h3>L\u2019ap\u00e9ritif sans alcool version p\u00e9tillante<\/h3>\n<p>Envie de varier les plaisirs ? Le Pack Mocktails Vintense r\u00e9unit en un coffret les quatre recettes iconiques de notre gamme de cocktails sans alcool 0.0%. Tous sont \u00e9labor\u00e9s \u00e0 partir de vin blanc effervescent d\u00e9salcoolis\u00e9 pour une exp\u00e9rience \u00e0 la fois festive, saine et pleine de go\u00fbt.<\/p>\n<p><strong>Le pack contient :<\/strong><\/p>\n<ul>\n<li>1 x <a href=\"https:\/\/shop.vintense.com\/boutique\/cocktail-sans-alcool\/hugo-sans-alcool-3x20cl\/\">Hugo<\/a> 20cl \u2013 Parfum\u00e9 \u00e0 la fleur de sureau, citron vert et menthe<\/li>\n<li>1 x <a href=\"https:\/\/shop.vintense.com\/boutique\/cocktail-sans-alcool\/bellini-sans-alcool-3x20cl\/\">Bellini<\/a> 20cl \u2013 \u00c0 la p\u00eache blanche, doux et fruit\u00e9<\/li>\n<li>1 x <a href=\"https:\/\/shop.vintense.com\/boutique\/cocktail-sans-alcool\/mojito-sans-alcool-3x20cl\/\">Mojito<\/a> 20cl \u2013 Menthe fra\u00eeche et citron vert, vive et d\u00e9salt\u00e9rante<\/li>\n<li>1 x <a href=\"https:\/\/shop.vintense.com\/boutique\/cocktail-sans-alcool\/spritz-sans-alcool-3x20cl\/\">Spritz<\/a> 20cl \u2013 Orange am\u00e8re et fines bulles, pour un ap\u00e9ro italien sans alcool<\/li>\n<li>1 x <a href=\"https:\/\/shop.vintense.com\/boutique\/cocktail-sans-alcool\/limoncello-spritz-3x20cl\/\">Limoncello Spritz<\/a> 20cl &#8211; La fraicheur citronn\u00e9e du classique italien<\/li>\n<\/ul>\n","protected":false},"excerpt":{"rendered":"<p>Le <strong>Pack Mocktails Vintense 5 x 20cl<\/strong> r\u00e9unit nos quatre cocktails sans alcool pr\u00eats \u00e0 boire : <strong>Hugo, Bellini, Limoncello Spritz, Mojito et Spritz<\/strong>. Un assortiment p\u00e9tillant, raffin\u00e9 et festif \u00e0 base de vin d\u00e9salcoolis\u00e9 0.0%, pour trinquer sans mod\u00e9ration.<\/p>\n","protected":false},"featured_media":9450,"comment_status":"closed","ping_status":"closed","template":"","meta":{"inline_featured_image":false},"product_cat":[125,126],"product_tag":[],"class_list":{"0":"post-8940","1":"product","2":"type-product","3":"status-publish","4":"has-post-thumbnail","6":"product_brand-mocktail","7":"product_cat-cocktail-sans-alcool","8":"product_cat-pack-coffret","10":"first","11":"instock","12":"sale","13":"shipping-taxable","14":"purchasable","15":"product-type-simple"},"yoast_head":"<!-- This site is optimized with the Yoast SEO plugin v27.0 - https:\/\/yoast.com\/product\/yoast-seo-wordpress\/ -->\n<title>Vintense Mocktail Pack Mocktails 0.0% 5x20cl - Cocktail sans alcool, Pack \/ Coffret<\/title>\n<meta name=\"robots\" content=\"index, follow, max-snippet:-1, max-image-preview:large, max-video-preview:-1\" \/>\n<link rel=\"canonical\" href=\"https:\/\/shop.vintense.com\/en\/boutique\/pack-box\/pack-mocktails-5x20cl\/\" \/>\n<meta property=\"og:locale\" content=\"en_US\" \/>\n<meta property=\"og:type\" content=\"article\" \/>\n<meta property=\"og:title\" content=\"Vintense Mocktail Pack Mocktails 0.0% 5x20cl - Cocktail sans alcool, Pack \/ Coffret\" \/>\n<meta property=\"og:description\" content=\"Le Pack Mocktails Vintense 5 x 20cl r\u00e9unit nos quatre cocktails sans alcool pr\u00eats \u00e0 boire : Hugo, Bellini, Limoncello Spritz, Mojito et Spritz. Un assortiment p\u00e9tillant, raffin\u00e9 et festif \u00e0 base de vin d\u00e9salcoolis\u00e9 0.0%, pour trinquer sans mod\u00e9ration.\" \/>\n<meta property=\"og:url\" content=\"https:\/\/shop.vintense.com\/en\/boutique\/pack-box\/pack-mocktails-5x20cl\/\" \/>\n<meta property=\"og:site_name\" content=\"Vintense\" \/>\n<meta property=\"article:publisher\" content=\"https:\/\/www.facebook.com\/Vintense.be\" \/>\n<meta property=\"article:modified_time\" content=\"2026-01-06T10:38:09+00:00\" \/>\n<meta property=\"og:image\" content=\"https:\/\/shop.vintense.com\/wp-content\/uploads\/2025\/07\/pack-mocktails-vintense-min.jpg\" \/>\n\t<meta property=\"og:image:width\" content=\"1500\" \/>\n\t<meta property=\"og:image:height\" content=\"1500\" \/>\n\t<meta property=\"og:image:type\" content=\"image\/jpeg\" \/>\n<meta name=\"twitter:card\" content=\"summary_large_image\" \/>\n<meta name=\"twitter:label1\" content=\"Price\" \/>\n\t<meta name=\"twitter:data1\" content=\"&euro;&nbsp;12,75\" \/>\n\t<meta name=\"twitter:label2\" content=\"Availability\" \/>\n\t<meta name=\"twitter:data2\" content=\"In stock\" \/>\n<script type=\"application\/ld+json\" class=\"yoast-schema-graph\">{\"@context\":\"https:\/\/schema.org\",\"@graph\":[{\"@type\":\"WebPage\",\"@id\":\"https:\/\/shop.vintense.com\/en\/boutique\/pack-box\/pack-mocktails-5x20cl\/\",\"url\":\"https:\/\/shop.vintense.com\/en\/boutique\/pack-box\/pack-mocktails-5x20cl\/\",\"name\":\"Vintense Mocktail Pack Mocktails 0.0% 5x20cl - Cocktail sans alcool, Pack \/ Coffret\",\"isPartOf\":{\"@id\":\"https:\/\/shop.vintense.com\/en\/#website\"},\"primaryImageOfPage\":{\"@id\":\"https:\/\/shop.vintense.com\/en\/boutique\/pack-box\/pack-mocktails-5x20cl\/#primaryimage\"},\"image\":{\"@id\":\"https:\/\/shop.vintense.com\/en\/boutique\/pack-box\/pack-mocktails-5x20cl\/#primaryimage\"},\"thumbnailUrl\":\"https:\/\/shop.vintense.com\/wp-content\/uploads\/2025\/07\/pack-mocktails-vintense-min.jpg\",\"datePublished\":\"2025-07-03T15:05:32+00:00\",\"dateModified\":\"2026-01-06T10:38:09+00:00\",\"breadcrumb\":{\"@id\":\"https:\/\/shop.vintense.com\/en\/boutique\/pack-box\/pack-mocktails-5x20cl\/#breadcrumb\"},\"inLanguage\":\"en-US\",\"potentialAction\":[{\"@type\":\"ReadAction\",\"target\":[\"https:\/\/shop.vintense.com\/en\/boutique\/pack-box\/pack-mocktails-5x20cl\/\"]}]},{\"@type\":\"ImageObject\",\"inLanguage\":\"en-US\",\"@id\":\"https:\/\/shop.vintense.com\/en\/boutique\/pack-box\/pack-mocktails-5x20cl\/#primaryimage\",\"url\":\"https:\/\/shop.vintense.com\/wp-content\/uploads\/2025\/07\/pack-mocktails-vintense-min.jpg\",\"contentUrl\":\"https:\/\/shop.vintense.com\/wp-content\/uploads\/2025\/07\/pack-mocktails-vintense-min.jpg\",\"width\":1500,\"height\":1500},{\"@type\":\"BreadcrumbList\",\"@id\":\"https:\/\/shop.vintense.com\/en\/boutique\/pack-box\/pack-mocktails-5x20cl\/#breadcrumb\",\"itemListElement\":[{\"@type\":\"ListItem\",\"position\":1,\"name\":\"Accueil\",\"item\":\"https:\/\/shop.vintense.com\/en\/\"},{\"@type\":\"ListItem\",\"position\":2,\"name\":\"Shop\",\"item\":\"https:\/\/shop.vintense.com\/boutique\/\"},{\"@type\":\"ListItem\",\"position\":3,\"name\":\"Pack Mocktails 0.0% 5x20cl\"}]},{\"@type\":\"WebSite\",\"@id\":\"https:\/\/shop.vintense.com\/en\/#website\",\"url\":\"https:\/\/shop.vintense.com\/en\/\",\"name\":\"Vintense eShop\",\"description\":\"Non-alcoholic wine - Buy online\",\"publisher\":{\"@id\":\"https:\/\/shop.vintense.com\/en\/#organization\"},\"potentialAction\":[{\"@type\":\"SearchAction\",\"target\":{\"@type\":\"EntryPoint\",\"urlTemplate\":\"https:\/\/shop.vintense.com\/en\/?s={search_term_string}\"},\"query-input\":{\"@type\":\"PropertyValueSpecification\",\"valueRequired\":true,\"valueName\":\"search_term_string\"}}],\"inLanguage\":\"en-US\"},{\"@type\":\"Organization\",\"@id\":\"https:\/\/shop.vintense.com\/en\/#organization\",\"name\":\"Vintense\",\"url\":\"https:\/\/shop.vintense.com\/en\/\",\"logo\":{\"@type\":\"ImageObject\",\"inLanguage\":\"en-US\",\"@id\":\"https:\/\/shop.vintense.com\/en\/#\/schema\/logo\/image\/\",\"url\":\"https:\/\/shop.vintense.com\/wp-content\/uploads\/2024\/03\/logo.svg\",\"contentUrl\":\"https:\/\/shop.vintense.com\/wp-content\/uploads\/2024\/03\/logo.svg\",\"width\":140,\"height\":70,\"caption\":\"Vintense\"},\"image\":{\"@id\":\"https:\/\/shop.vintense.com\/en\/#\/schema\/logo\/image\/\"},\"sameAs\":[\"https:\/\/www.facebook.com\/Vintense.be\",\"https:\/\/www.instagram.com\/vintense_0.0\/\",\"https:\/\/www.linkedin.com\/company\/vintense\/\",\"https:\/\/www.youtube.com\/@vintense-be\"]}]}<\/script>\n<meta property=\"product:price:amount\" content=\"12.75\" \/>\n<meta property=\"product:price:currency\" content=\"EUR\" \/>\n<meta property=\"og:availability\" content=\"instock\" \/>\n<meta property=\"product:availability\" content=\"instock\" \/>\n<meta property=\"product:condition\" content=\"new\" \/>\n<!-- \/ Yoast SEO plugin. -->","yoast_head_json":{"title":"Vintense Mocktail Pack Mocktails 0.0% 5x20cl - Cocktail sans alcool, Pack \/ Coffret","robots":{"index":"index","follow":"follow","max-snippet":"max-snippet:-1","max-image-preview":"max-image-preview:large","max-video-preview":"max-video-preview:-1"},"canonical":"https:\/\/shop.vintense.com\/en\/boutique\/pack-box\/pack-mocktails-5x20cl\/","og_locale":"en_US","og_type":"article","og_title":"Vintense Mocktail Pack Mocktails 0.0% 5x20cl - Cocktail sans alcool, Pack \/ Coffret","og_description":"Le Pack Mocktails Vintense 5 x 20cl r\u00e9unit nos quatre cocktails sans alcool pr\u00eats \u00e0 boire : Hugo, Bellini, Limoncello Spritz, Mojito et Spritz. Un assortiment p\u00e9tillant, raffin\u00e9 et festif \u00e0 base de vin d\u00e9salcoolis\u00e9 0.0%, pour trinquer sans mod\u00e9ration.","og_url":"https:\/\/shop.vintense.com\/en\/boutique\/pack-box\/pack-mocktails-5x20cl\/","og_site_name":"Vintense","article_publisher":"https:\/\/www.facebook.com\/Vintense.be","article_modified_time":"2026-01-06T10:38:09+00:00","og_image":[{"width":1500,"height":1500,"url":"https:\/\/shop.vintense.com\/wp-content\/uploads\/2025\/07\/pack-mocktails-vintense-min.jpg","type":"image\/jpeg"}],"twitter_card":"summary_large_image","twitter_misc":{"Price":"&euro;&nbsp;12,75","Availability":"In stock"},"schema":{"@context":"https:\/\/schema.org","@graph":[{"@type":"WebPage","@id":"https:\/\/shop.vintense.com\/en\/boutique\/pack-box\/pack-mocktails-5x20cl\/","url":"https:\/\/shop.vintense.com\/en\/boutique\/pack-box\/pack-mocktails-5x20cl\/","name":"Vintense Mocktail Pack Mocktails 0.0% 5x20cl - Cocktail sans alcool, Pack \/ Coffret","isPartOf":{"@id":"https:\/\/shop.vintense.com\/en\/#website"},"primaryImageOfPage":{"@id":"https:\/\/shop.vintense.com\/en\/boutique\/pack-box\/pack-mocktails-5x20cl\/#primaryimage"},"image":{"@id":"https:\/\/shop.vintense.com\/en\/boutique\/pack-box\/pack-mocktails-5x20cl\/#primaryimage"},"thumbnailUrl":"https:\/\/shop.vintense.com\/wp-content\/uploads\/2025\/07\/pack-mocktails-vintense-min.jpg","datePublished":"2025-07-03T15:05:32+00:00","dateModified":"2026-01-06T10:38:09+00:00","breadcrumb":{"@id":"https:\/\/shop.vintense.com\/en\/boutique\/pack-box\/pack-mocktails-5x20cl\/#breadcrumb"},"inLanguage":"en-US","potentialAction":[{"@type":"ReadAction","target":["https:\/\/shop.vintense.com\/en\/boutique\/pack-box\/pack-mocktails-5x20cl\/"]}]},{"@type":"ImageObject","inLanguage":"en-US","@id":"https:\/\/shop.vintense.com\/en\/boutique\/pack-box\/pack-mocktails-5x20cl\/#primaryimage","url":"https:\/\/shop.vintense.com\/wp-content\/uploads\/2025\/07\/pack-mocktails-vintense-min.jpg","contentUrl":"https:\/\/shop.vintense.com\/wp-content\/uploads\/2025\/07\/pack-mocktails-vintense-min.jpg","width":1500,"height":1500},{"@type":"BreadcrumbList","@id":"https:\/\/shop.vintense.com\/en\/boutique\/pack-box\/pack-mocktails-5x20cl\/#breadcrumb","itemListElement":[{"@type":"ListItem","position":1,"name":"Accueil","item":"https:\/\/shop.vintense.com\/en\/"},{"@type":"ListItem","position":2,"name":"Shop","item":"https:\/\/shop.vintense.com\/boutique\/"},{"@type":"ListItem","position":3,"name":"Pack Mocktails 0.0% 5x20cl"}]},{"@type":"WebSite","@id":"https:\/\/shop.vintense.com\/en\/#website","url":"https:\/\/shop.vintense.com\/en\/","name":"Vintense eShop","description":"Non-alcoholic wine - Buy online","publisher":{"@id":"https:\/\/shop.vintense.com\/en\/#organization"},"potentialAction":[{"@type":"SearchAction","target":{"@type":"EntryPoint","urlTemplate":"https:\/\/shop.vintense.com\/en\/?s={search_term_string}"},"query-input":{"@type":"PropertyValueSpecification","valueRequired":true,"valueName":"search_term_string"}}],"inLanguage":"en-US"},{"@type":"Organization","@id":"https:\/\/shop.vintense.com\/en\/#organization","name":"Vintense","url":"https:\/\/shop.vintense.com\/en\/","logo":{"@type":"ImageObject","inLanguage":"en-US","@id":"https:\/\/shop.vintense.com\/en\/#\/schema\/logo\/image\/","url":"https:\/\/shop.vintense.com\/wp-content\/uploads\/2024\/03\/logo.svg","contentUrl":"https:\/\/shop.vintense.com\/wp-content\/uploads\/2024\/03\/logo.svg","width":140,"height":70,"caption":"Vintense"},"image":{"@id":"https:\/\/shop.vintense.com\/en\/#\/schema\/logo\/image\/"},"sameAs":["https:\/\/www.facebook.com\/Vintense.be","https:\/\/www.instagram.com\/vintense_0.0\/","https:\/\/www.linkedin.com\/company\/vintense\/","https:\/\/www.youtube.com\/@vintense-be"]}]},"product_price_amount":"12.75","product_price_currency":"EUR","og_availability":"instock","product_availability":"instock","product_condition":"new"},"_links":{"self":[{"href":"https:\/\/shop.vintense.com\/en\/wp-json\/wp\/v2\/product\/8940","targetHints":{"allow":["GET"]}}],"collection":[{"href":"https:\/\/shop.vintense.com\/en\/wp-json\/wp\/v2\/product"}],"about":[{"href":"https:\/\/shop.vintense.com\/en\/wp-json\/wp\/v2\/types\/product"}],"replies":[{"embeddable":true,"href":"https:\/\/shop.vintense.com\/en\/wp-json\/wp\/v2\/comments?post=8940"}],"wp:featuredmedia":[{"embeddable":true,"href":"https:\/\/shop.vintense.com\/en\/wp-json\/wp\/v2\/media\/9450"}],"wp:attachment":[{"href":"https:\/\/shop.vintense.com\/en\/wp-json\/wp\/v2\/media?parent=8940"}],"wp:term":[{"taxonomy":"product_cat","embeddable":true,"href":"https:\/\/shop.vintense.com\/en\/wp-json\/wp\/v2\/product_cat?post=8940"},{"taxonomy":"product_tag","embeddable":true,"href":"https:\/\/shop.vintense.com\/en\/wp-json\/wp\/v2\/product_tag?post=8940"}],"curies":[{"name":"wp","href":"https:\/\/api.w.org\/{rel}","templated":true}]}}